{"id":14329,"date":"2017-08-27T15:54:23","date_gmt":"2017-08-27T13:54:23","guid":{"rendered":"https:\/\/www.smsrl.it\/?page_id=14329\/"},"modified":"2021-08-23T14:25:08","modified_gmt":"2021-08-23T12:25:08","slug":"guss","status":"publish","type":"page","link":"https:\/\/www.smsrl.it\/de\/guss\/","title":{"rendered":"Guss"},"content":{"rendered":"<p><div class=\"fusion-fullwidth fullwidth-box fusion-builder-row-1 fusion-flex-container fusion-parallax-none nonhundred-percent-fullwidth non-hundred-percent-height-scrolling\" style=\"background-color: rgba(255,255,255,0);background-image: url(&quot;https:\/\/www.smsrl.it\/wp-content\/uploads\/2021\/07\/fusioni-lavorazioni-meccaniche.jpg&quot;);background-position: center center;background-repeat: no-repeat;border-width: 0px 0px 0px 0px;border-color:#eae9e9;border-style:solid;-webkit-background-size:cover;-moz-background-size:cover;-o-background-size:cover;background-size:cover;\" ><div class=\"fusion-builder-row fusion-row fusion-flex-align-items-flex-start\" style=\"max-width:1216.8px;margin-left: calc(-4% \/ 2 );margin-right: calc(-4% \/ 2 );\"><div class=\"fusion-layout-column fusion_builder_column fusion-builder-column-0 fusion_builder_column_1_1 1_1 fusion-flex-column\"><div class=\"fusion-column-wrapper fusion-flex-justify-content-flex-start fusion-content-layout-column\" style=\"background-position:left top;background-repeat:no-repeat;-webkit-background-size:cover;-moz-background-size:cover;-o-background-size:cover;background-size:cover;padding: 0px 0px 0px 0px;\"><\/div><style type=\"text\/css\">.fusion-body .fusion-builder-column-0{width:100% !important;margin-top : 20px;margin-bottom : 20px;}.fusion-builder-column-0 > .fusion-column-wrapper {padding-top : 0px !important;padding-right : 0px !important;margin-right : 1.92%;padding-bottom : 0px !important;padding-left : 0px !important;margin-left : 1.92%;}@media only screen and (max-width:1024px) {.fusion-body .fusion-builder-column-0{width:100% !important;order : 0;}.fusion-builder-column-0 > .fusion-column-wrapper {margin-right : 1.92%;margin-left : 1.92%;}}@media only screen and (max-width:640px) {.fusion-body .fusion-builder-column-0{width:100% !important;order : 0;}.fusion-builder-column-0 > .fusion-column-wrapper {margin-right : 1.92%;margin-left : 1.92%;}}<\/style><\/div><\/div><style type=\"text\/css\">.fusion-body .fusion-flex-container.fusion-builder-row-1{ padding-top : 160px;margin-top : 0px;padding-right : 0px;padding-bottom : 160px;margin-bottom : 0px;padding-left : 0px;}<\/style><\/div><div class=\"fusion-fullwidth fullwidth-box fusion-builder-row-2 nonhundred-percent-fullwidth non-hundred-percent-height-scrolling\" style=\"background-color: #000000;background-position: left top;background-repeat: no-repeat;padding-top:20px;padding-right:0px;padding-bottom:20px;padding-left:0px;margin-bottom: 0px;margin-top: 0px;border-width: 0px 0px 0px 0px;border-color:#eae9e9;border-style:solid;\" ><div class=\"fusion-builder-row fusion-row\"><div class=\"fusion-layout-column fusion_builder_column fusion-builder-column-1 fusion_builder_column_1_1 1_1 fusion-one-full fusion-column-first fusion-column-last fusion-column-no-min-height\" style=\"margin-top:0px;margin-bottom:0px;\"><div class=\"fusion-column-wrapper fusion-flex-column-wrapper-legacy\" style=\"background-position:left top;background-repeat:no-repeat;-webkit-background-size:cover;-moz-background-size:cover;-o-background-size:cover;background-size:cover;padding: 0px 0px 0px 0px;\"><div class=\"fusion-text fusion-text-1\"><p class=\"p1\"><span style=\"color: #ffffff;\">SM s.r.l. liefert Rohteile aus Aluminium oder Grauguss, fertig f\u00fcr die mechanische Bearbeitung. Die im Sandguss gefertigt Bauteile eigen sich besonders f\u00fcr die kurzfristige Herstellung von Prototypen, w\u00e4hrend f\u00fcr gr\u00f6\u00dfere St\u00fcckzahlen und Serienfertigung eher Rohteile aus Kokillen- oder Druckguss in Frage kommen. Idealerweise begleitet SM s.r.l. den Kunden bereits in der ersten Entwicklungsphase und kann ihn somit unterst\u00fctzen, bis das endg\u00fcltige Produkt entsteht.<\/span><\/p>\n<\/div><div class=\"fusion-clearfix\"><\/div><\/div><\/div><div class=\"fusion-layout-column fusion_builder_column fusion-builder-column-2 fusion_builder_column_1_2 1_2 fusion-one-half fusion-column-first\" style=\"width:48%; margin-right: 4%;margin-top:20px;margin-bottom:20px;\"><div class=\"fusion-column-wrapper fusion-flex-column-wrapper-legacy\" style=\"background-position:left top;background-repeat:no-repeat;-webkit-background-size:cover;-moz-background-size:cover;-o-background-size:cover;background-size:cover;padding: 0px 0px 0px 0px;\"><span class=\" fusion-imageframe imageframe-none imageframe-1 hover-type-none\"><a href=\"https:\/\/www.smsrl.it\/wp-content\/uploads\/2016\/04\/fusioni_grezze_1-1-1024x654.jpg\" class=\"fusion-lightbox\" data-rel=\"iLightbox[f8eca9749e088da59f6]\" data-title=\"fusioni_grezze_1\" title=\"fusioni_grezze_1\"><img width=\"1024\" height=\"654\" src=\"https:\/\/www.smsrl.it\/wp-content\/uploads\/2016\/04\/fusioni_grezze_1-1-1024x654.jpg\" class=\"img-responsive wp-image-14825\" srcset=\"https:\/\/www.smsrl.it\/wp-content\/uploads\/2016\/04\/fusioni_grezze_1-1-200x128.jpg 200w, https:\/\/www.smsrl.it\/wp-content\/uploads\/2016\/04\/fusioni_grezze_1-1-400x255.jpg 400w, https:\/\/www.smsrl.it\/wp-content\/uploads\/2016\/04\/fusioni_grezze_1-1-600x383.jpg 600w, https:\/\/www.smsrl.it\/wp-content\/uploads\/2016\/04\/fusioni_grezze_1-1-800x511.jpg 800w, https:\/\/www.smsrl.it\/wp-content\/uploads\/2016\/04\/fusioni_grezze_1-1.jpg 1200w\" sizes=\"(max-width: 1150px) 100vw, 600px\" \/><\/a><\/span><div class=\"fusion-clearfix\"><\/div><\/div><\/div><div class=\"fusion-layout-column fusion_builder_column fusion-builder-column-3 fusion_builder_column_1_2 1_2 fusion-one-half fusion-column-last\" style=\"width:48%;margin-top:20px;margin-bottom:20px;\"><div class=\"fusion-column-wrapper fusion-flex-column-wrapper-legacy\" style=\"background-position:left top;background-repeat:no-repeat;-webkit-background-size:cover;-moz-background-size:cover;-o-background-size:cover;background-size:cover;padding: 0px 0px 0px 0px;\"><span class=\" fusion-imageframe imageframe-none imageframe-2 hover-type-none\"><a href=\"https:\/\/www.smsrl.it\/wp-content\/uploads\/2016\/04\/fusioni_grezze_2-1-1024x654.jpg\" class=\"fusion-lightbox\" data-rel=\"iLightbox[15e0d2d0ba8023aa2be]\" data-title=\"fusioni_grezze_2\" title=\"fusioni_grezze_2\"><img width=\"1024\" height=\"654\" src=\"https:\/\/www.smsrl.it\/wp-content\/uploads\/2016\/04\/fusioni_grezze_2-1-1024x654.jpg\" class=\"img-responsive wp-image-14826\" srcset=\"https:\/\/www.smsrl.it\/wp-content\/uploads\/2016\/04\/fusioni_grezze_2-1-200x128.jpg 200w, https:\/\/www.smsrl.it\/wp-content\/uploads\/2016\/04\/fusioni_grezze_2-1-400x255.jpg 400w, https:\/\/www.smsrl.it\/wp-content\/uploads\/2016\/04\/fusioni_grezze_2-1-600x383.jpg 600w, https:\/\/www.smsrl.it\/wp-content\/uploads\/2016\/04\/fusioni_grezze_2-1-800x511.jpg 800w, https:\/\/www.smsrl.it\/wp-content\/uploads\/2016\/04\/fusioni_grezze_2-1.jpg 1200w\" sizes=\"(max-width: 1150px) 100vw, 600px\" \/><\/a><\/span><div class=\"fusion-clearfix\"><\/div><\/div><\/div><div class=\"fusion-layout-column fusion_builder_column fusion-builder-column-4 fusion_builder_column_1_2 1_2 fusion-one-half fusion-column-first\" style=\"width:48%; margin-right: 4%;margin-top:20px;margin-bottom:20px;\"><div class=\"fusion-column-wrapper fusion-flex-column-wrapper-legacy\" style=\"background-position:left top;background-repeat:no-repeat;-webkit-background-size:cover;-moz-background-size:cover;-o-background-size:cover;background-size:cover;padding: 0px 0px 0px 0px;\"><span class=\" fusion-imageframe imageframe-none imageframe-3 hover-type-none\"><a href=\"https:\/\/www.smsrl.it\/wp-content\/uploads\/2016\/04\/fusioni_grezze_3-1-1024x654.jpg\" class=\"fusion-lightbox\" data-rel=\"iLightbox[4b4f391a0d15a4c9ac7]\" data-title=\"fusioni_grezze_3\" title=\"fusioni_grezze_3\"><img width=\"1024\" height=\"654\" src=\"https:\/\/www.smsrl.it\/wp-content\/uploads\/2016\/04\/fusioni_grezze_3-1-1024x654.jpg\" class=\"img-responsive wp-image-14827\" srcset=\"https:\/\/www.smsrl.it\/wp-content\/uploads\/2016\/04\/fusioni_grezze_3-1-200x128.jpg 200w, https:\/\/www.smsrl.it\/wp-content\/uploads\/2016\/04\/fusioni_grezze_3-1-400x255.jpg 400w, https:\/\/www.smsrl.it\/wp-content\/uploads\/2016\/04\/fusioni_grezze_3-1-600x383.jpg 600w, https:\/\/www.smsrl.it\/wp-content\/uploads\/2016\/04\/fusioni_grezze_3-1-800x511.jpg 800w, https:\/\/www.smsrl.it\/wp-content\/uploads\/2016\/04\/fusioni_grezze_3-1.jpg 1200w\" sizes=\"(max-width: 1150px) 100vw, 600px\" \/><\/a><\/span><div class=\"fusion-clearfix\"><\/div><\/div><\/div><div class=\"fusion-layout-column fusion_builder_column fusion-builder-column-5 fusion_builder_column_1_2 1_2 fusion-one-half fusion-column-last\" style=\"width:48%;margin-top:20px;margin-bottom:20px;\"><div class=\"fusion-column-wrapper fusion-flex-column-wrapper-legacy\" style=\"background-position:left top;background-repeat:no-repeat;-webkit-background-size:cover;-moz-background-size:cover;-o-background-size:cover;background-size:cover;padding: 0px 0px 0px 0px;\"><span class=\" fusion-imageframe imageframe-none imageframe-4 hover-type-none\"><a href=\"https:\/\/www.smsrl.it\/wp-content\/uploads\/2016\/04\/fusioni_grezze_4-1-1024x654.jpg\" class=\"fusion-lightbox\" data-rel=\"iLightbox[95c53cf4f3d822f0fa4]\" data-title=\"fusioni_grezze_4\" title=\"fusioni_grezze_4\"><img width=\"1024\" height=\"654\" src=\"https:\/\/www.smsrl.it\/wp-content\/uploads\/2016\/04\/fusioni_grezze_4-1-1024x654.jpg\" class=\"img-responsive wp-image-14828\" srcset=\"https:\/\/www.smsrl.it\/wp-content\/uploads\/2016\/04\/fusioni_grezze_4-1-200x128.jpg 200w, https:\/\/www.smsrl.it\/wp-content\/uploads\/2016\/04\/fusioni_grezze_4-1-400x255.jpg 400w, https:\/\/www.smsrl.it\/wp-content\/uploads\/2016\/04\/fusioni_grezze_4-1-600x383.jpg 600w, https:\/\/www.smsrl.it\/wp-content\/uploads\/2016\/04\/fusioni_grezze_4-1-800x511.jpg 800w, https:\/\/www.smsrl.it\/wp-content\/uploads\/2016\/04\/fusioni_grezze_4-1.jpg 1200w\" sizes=\"(max-width: 1150px) 100vw, 600px\" \/><\/a><\/span><div class=\"fusion-clearfix\"><\/div><\/div><\/div><div class=\"fusion-layout-column fusion_builder_column fusion-builder-column-6 fusion_builder_column_1_2 1_2 fusion-one-half fusion-column-first\" style=\"width:48%; margin-right: 4%;margin-top:20px;margin-bottom:20px;\"><div class=\"fusion-column-wrapper fusion-flex-column-wrapper-legacy\" style=\"background-position:left top;background-repeat:no-repeat;-webkit-background-size:cover;-moz-background-size:cover;-o-background-size:cover;background-size:cover;padding: 0px 0px 0px 0px;\"><span class=\" fusion-imageframe imageframe-none imageframe-5 hover-type-none\"><a href=\"https:\/\/www.smsrl.it\/wp-content\/uploads\/2016\/04\/fusioni_grezze_5-1-1024x654.jpg\" class=\"fusion-lightbox\" data-rel=\"iLightbox[61ff27679ce0d6e3fce]\" data-title=\"fusioni_grezze_5\" title=\"fusioni_grezze_5\"><img width=\"1024\" height=\"654\" src=\"https:\/\/www.smsrl.it\/wp-content\/uploads\/2016\/04\/fusioni_grezze_5-1-1024x654.jpg\" class=\"img-responsive wp-image-14829\" srcset=\"https:\/\/www.smsrl.it\/wp-content\/uploads\/2016\/04\/fusioni_grezze_5-1-200x128.jpg 200w, https:\/\/www.smsrl.it\/wp-content\/uploads\/2016\/04\/fusioni_grezze_5-1-400x255.jpg 400w, https:\/\/www.smsrl.it\/wp-content\/uploads\/2016\/04\/fusioni_grezze_5-1-600x383.jpg 600w, https:\/\/www.smsrl.it\/wp-content\/uploads\/2016\/04\/fusioni_grezze_5-1-800x511.jpg 800w, https:\/\/www.smsrl.it\/wp-content\/uploads\/2016\/04\/fusioni_grezze_5-1.jpg 1200w\" sizes=\"(max-width: 1150px) 100vw, 600px\" \/><\/a><\/span><div class=\"fusion-clearfix\"><\/div><\/div><\/div><div class=\"fusion-layout-column fusion_builder_column fusion-builder-column-7 fusion_builder_column_1_2 1_2 fusion-one-half fusion-column-last\" style=\"width:48%;margin-top:20px;margin-bottom:20px;\"><div class=\"fusion-column-wrapper fusion-flex-column-wrapper-legacy\" style=\"background-position:left top;background-repeat:no-repeat;-webkit-background-size:cover;-moz-background-size:cover;-o-background-size:cover;background-size:cover;padding: 0px 0px 0px 0px;\"><span class=\" fusion-imageframe imageframe-none imageframe-6 hover-type-none\"><a href=\"https:\/\/www.smsrl.it\/wp-content\/uploads\/2016\/04\/fusioni_grezze_6-1-1024x654.jpg\" class=\"fusion-lightbox\" data-rel=\"iLightbox[12f81f1e8796f22bbbb]\" data-title=\"fusioni_grezze_6\" title=\"fusioni_grezze_6\"><img width=\"1024\" height=\"654\" src=\"https:\/\/www.smsrl.it\/wp-content\/uploads\/2016\/04\/fusioni_grezze_6-1-1024x654.jpg\" class=\"img-responsive wp-image-14830\" srcset=\"https:\/\/www.smsrl.it\/wp-content\/uploads\/2016\/04\/fusioni_grezze_6-1-200x128.jpg 200w, https:\/\/www.smsrl.it\/wp-content\/uploads\/2016\/04\/fusioni_grezze_6-1-400x255.jpg 400w, https:\/\/www.smsrl.it\/wp-content\/uploads\/2016\/04\/fusioni_grezze_6-1-600x383.jpg 600w, https:\/\/www.smsrl.it\/wp-content\/uploads\/2016\/04\/fusioni_grezze_6-1-800x511.jpg 800w, https:\/\/www.smsrl.it\/wp-content\/uploads\/2016\/04\/fusioni_grezze_6-1.jpg 1200w\" sizes=\"(max-width: 1150px) 100vw, 600px\" \/><\/a><\/span><div class=\"fusion-clearfix\"><\/div><\/div><\/div><div class=\"fusion-layout-column fusion_builder_column fusion-builder-column-8 fusion_builder_column_1_2 1_2 fusion-one-half fusion-column-first\" style=\"width:48%; margin-right: 4%;margin-top:20px;margin-bottom:20px;\"><div class=\"fusion-column-wrapper fusion-flex-column-wrapper-legacy\" style=\"background-position:left top;background-repeat:no-repeat;-webkit-background-size:cover;-moz-background-size:cover;-o-background-size:cover;background-size:cover;padding: 0px 0px 0px 0px;\"><span class=\" fusion-imageframe imageframe-none imageframe-7 hover-type-none\"><a href=\"https:\/\/www.smsrl.it\/wp-content\/uploads\/2016\/04\/Grezzo-conchiglia-1-1-1024x654.jpg\" class=\"fusion-lightbox\" data-rel=\"iLightbox[85a144f1fa49234cd94]\" data-title=\"Grezzo-conchiglia-1\" title=\"Grezzo-conchiglia-1\"><img width=\"1024\" height=\"654\" src=\"https:\/\/www.smsrl.it\/wp-content\/uploads\/2016\/04\/Grezzo-conchiglia-1-1-1024x654.jpg\" class=\"img-responsive wp-image-14831\" srcset=\"https:\/\/www.smsrl.it\/wp-content\/uploads\/2016\/04\/Grezzo-conchiglia-1-1-200x128.jpg 200w, https:\/\/www.smsrl.it\/wp-content\/uploads\/2016\/04\/Grezzo-conchiglia-1-1-400x255.jpg 400w, https:\/\/www.smsrl.it\/wp-content\/uploads\/2016\/04\/Grezzo-conchiglia-1-1-600x383.jpg 600w, https:\/\/www.smsrl.it\/wp-content\/uploads\/2016\/04\/Grezzo-conchiglia-1-1-800x511.jpg 800w, https:\/\/www.smsrl.it\/wp-content\/uploads\/2016\/04\/Grezzo-conchiglia-1-1.jpg 1024w\" sizes=\"(max-width: 1150px) 100vw, 600px\" \/><\/a><\/span><div class=\"fusion-clearfix\"><\/div><\/div><\/div><div class=\"fusion-layout-column fusion_builder_column fusion-builder-column-9 fusion_builder_column_1_2 1_2 fusion-one-half fusion-column-last\" style=\"width:48%;margin-top:20px;margin-bottom:20px;\"><div class=\"fusion-column-wrapper fusion-flex-column-wrapper-legacy\" style=\"background-position:left top;background-repeat:no-repeat;-webkit-background-size:cover;-moz-background-size:cover;-o-background-size:cover;background-size:cover;padding: 0px 0px 0px 0px;\"><span class=\" fusion-imageframe imageframe-none imageframe-8 hover-type-none\"><a href=\"https:\/\/www.smsrl.it\/wp-content\/uploads\/2016\/04\/Grezzo-sabbia-1-1-1024x654.jpg\" class=\"fusion-lightbox\" data-rel=\"iLightbox[d1f2dd0bbb29dbdc4da]\" data-title=\"Grezzo-sabbia-1\" title=\"Grezzo-sabbia-1\"><img width=\"1024\" height=\"654\" src=\"https:\/\/www.smsrl.it\/wp-content\/uploads\/2016\/04\/Grezzo-sabbia-1-1-1024x654.jpg\" class=\"img-responsive wp-image-14832\" srcset=\"https:\/\/www.smsrl.it\/wp-content\/uploads\/2016\/04\/Grezzo-sabbia-1-1-200x128.jpg 200w, https:\/\/www.smsrl.it\/wp-content\/uploads\/2016\/04\/Grezzo-sabbia-1-1-400x255.jpg 400w, https:\/\/www.smsrl.it\/wp-content\/uploads\/2016\/04\/Grezzo-sabbia-1-1-600x383.jpg 600w, https:\/\/www.smsrl.it\/wp-content\/uploads\/2016\/04\/Grezzo-sabbia-1-1-800x511.jpg 800w, https:\/\/www.smsrl.it\/wp-content\/uploads\/2016\/04\/Grezzo-sabbia-1-1.jpg 1024w\" sizes=\"(max-width: 1150px) 100vw, 600px\" \/><\/a><\/span><div class=\"fusion-clearfix\"><\/div><\/div><\/div><div class=\"fusion-layout-column fusion_builder_column fusion-builder-column-10 fusion_builder_column_1_2 1_2 fusion-one-half fusion-column-first\" style=\"width:48%; margin-right: 4%;margin-top:20px;margin-bottom:20px;\"><div class=\"fusion-column-wrapper fusion-flex-column-wrapper-legacy\" style=\"background-position:left top;background-repeat:no-repeat;-webkit-background-size:cover;-moz-background-size:cover;-o-background-size:cover;background-size:cover;padding: 0px 0px 0px 0px;\"><span class=\" fusion-imageframe imageframe-none imageframe-9 hover-type-none\"><a href=\"https:\/\/www.smsrl.it\/wp-content\/uploads\/2016\/04\/Grezzo-sabbia-2-1-1024x654.jpg\" class=\"fusion-lightbox\" data-rel=\"iLightbox[cadfee2d5aba1e67a06]\" data-title=\"Grezzo-sabbia-2\" title=\"Grezzo-sabbia-2\"><img width=\"1024\" height=\"654\" src=\"https:\/\/www.smsrl.it\/wp-content\/uploads\/2016\/04\/Grezzo-sabbia-2-1-1024x654.jpg\" class=\"img-responsive wp-image-14833\" srcset=\"https:\/\/www.smsrl.it\/wp-content\/uploads\/2016\/04\/Grezzo-sabbia-2-1-200x128.jpg 200w, https:\/\/www.smsrl.it\/wp-content\/uploads\/2016\/04\/Grezzo-sabbia-2-1-400x255.jpg 400w, https:\/\/www.smsrl.it\/wp-content\/uploads\/2016\/04\/Grezzo-sabbia-2-1-600x383.jpg 600w, https:\/\/www.smsrl.it\/wp-content\/uploads\/2016\/04\/Grezzo-sabbia-2-1-800x511.jpg 800w, https:\/\/www.smsrl.it\/wp-content\/uploads\/2016\/04\/Grezzo-sabbia-2-1.jpg 1024w\" sizes=\"(max-width: 1150px) 100vw, 600px\" \/><\/a><\/span><div class=\"fusion-clearfix\"><\/div><\/div><\/div><\/div><\/div><\/p>\n","protected":false},"excerpt":{"rendered":"","protected":false},"author":1,"featured_media":0,"parent":0,"menu_order":0,"comment_status":"closed","ping_status":"closed","template":"100-width.php","meta":[],"yoast_head":"<!-- This site is optimized with the Yoast SEO plugin v17.0 - https:\/\/yoast.com\/wordpress\/plugins\/seo\/ -->\n<title>Guss - SM - dal 1960 nelle Attrezzature per Fonderie<\/title>\n<meta name=\"description\" content=\"SM s.r.l. liefert Rohteile aus Aluminium oder Grauguss, fertig f\u00fcr die mechanische Bearbeitung.\" \/>\n<meta name=\"robots\" content=\"index, follow, max-snippet:-1, max-image-preview:large, max-video-preview:-1\" \/>\n<link rel=\"canonical\" href=\"https:\/\/www.smsrl.it\/de\/guss\/\" \/>\n<meta property=\"og:locale\" content=\"de_DE\" \/>\n<meta property=\"og:type\" content=\"article\" \/>\n<meta property=\"og:title\" content=\"Guss - SM - dal 1960 nelle Attrezzature per Fonderie\" \/>\n<meta property=\"og:description\" content=\"SM s.r.l. liefert Rohteile aus Aluminium oder Grauguss, fertig f\u00fcr die mechanische Bearbeitung.\" \/>\n<meta property=\"og:url\" content=\"https:\/\/www.smsrl.it\/de\/guss\/\" \/>\n<meta property=\"og:site_name\" content=\"SM - dal 1960 nelle Attrezzature per Fonderie\" \/>\n<meta property=\"article:modified_time\" content=\"2021-08-23T12:25:08+00:00\" \/>\n<meta property=\"og:image\" content=\"https:\/\/www.smsrl.it\/wp-content\/uploads\/2016\/04\/fusioni_grezze_1-1-1024x654.jpg\" \/>\n<meta name=\"twitter:card\" content=\"summary_large_image\" \/>\n<meta name=\"twitter:label1\" content=\"Gesch\u00e4tzte Lesezeit\" \/>\n\t<meta name=\"twitter:data1\" content=\"10\u00a0Minuten\" \/>\n<script type=\"application\/ld+json\" class=\"yoast-schema-graph\">{\"@context\":\"https:\/\/schema.org\",\"@graph\":[{\"@type\":\"Organization\",\"@id\":\"https:\/\/www.smsrl.it\/#organization\",\"name\":\"SM srl\",\"url\":\"https:\/\/www.smsrl.it\/\",\"sameAs\":[],\"logo\":{\"@type\":\"ImageObject\",\"@id\":\"https:\/\/www.smsrl.it\/#logo\",\"inLanguage\":\"de\",\"url\":\"https:\/\/www.smsrl.it\/wp-content\/uploads\/2016\/03\/logosm.png\",\"contentUrl\":\"https:\/\/www.smsrl.it\/wp-content\/uploads\/2016\/03\/logosm.png\",\"width\":152,\"height\":84,\"caption\":\"SM srl\"},\"image\":{\"@id\":\"https:\/\/www.smsrl.it\/#logo\"}},{\"@type\":\"WebSite\",\"@id\":\"https:\/\/www.smsrl.it\/#website\",\"url\":\"https:\/\/www.smsrl.it\/\",\"name\":\"SM - dal 1960 nelle Attrezzature per Fonderie\",\"description\":\"\",\"publisher\":{\"@id\":\"https:\/\/www.smsrl.it\/#organization\"},\"potentialAction\":[{\"@type\":\"SearchAction\",\"target\":{\"@type\":\"EntryPoint\",\"urlTemplate\":\"https:\/\/www.smsrl.it\/?s={search_term_string}\"},\"query-input\":\"required name=search_term_string\"}],\"inLanguage\":\"de\"},{\"@type\":\"ImageObject\",\"@id\":\"https:\/\/www.smsrl.it\/de\/guss\/#primaryimage\",\"inLanguage\":\"de\",\"url\":\"https:\/\/www.smsrl.it\/wp-content\/uploads\/2016\/04\/fusioni_grezze_1-1.jpg\",\"contentUrl\":\"https:\/\/www.smsrl.it\/wp-content\/uploads\/2016\/04\/fusioni_grezze_1-1.jpg\",\"width\":1200,\"height\":766},{\"@type\":\"WebPage\",\"@id\":\"https:\/\/www.smsrl.it\/de\/guss\/#webpage\",\"url\":\"https:\/\/www.smsrl.it\/de\/guss\/\",\"name\":\"Guss - SM - dal 1960 nelle Attrezzature per Fonderie\",\"isPartOf\":{\"@id\":\"https:\/\/www.smsrl.it\/#website\"},\"primaryImageOfPage\":{\"@id\":\"https:\/\/www.smsrl.it\/de\/guss\/#primaryimage\"},\"datePublished\":\"2017-08-27T13:54:23+00:00\",\"dateModified\":\"2021-08-23T12:25:08+00:00\",\"description\":\"SM s.r.l. liefert Rohteile aus Aluminium oder Grauguss, fertig f\\u00fcr die mechanische Bearbeitung.\",\"breadcrumb\":{\"@id\":\"https:\/\/www.smsrl.it\/de\/guss\/#breadcrumb\"},\"inLanguage\":\"de\",\"potentialAction\":[{\"@type\":\"ReadAction\",\"target\":[\"https:\/\/www.smsrl.it\/de\/guss\/\"]}]},{\"@type\":\"BreadcrumbList\",\"@id\":\"https:\/\/www.smsrl.it\/de\/guss\/#breadcrumb\",\"itemListElement\":[{\"@type\":\"ListItem\",\"position\":1,\"name\":\"Home\",\"item\":\"https:\/\/www.smsrl.it\/de\/\"},{\"@type\":\"ListItem\",\"position\":2,\"name\":\"Guss\"}]}]}<\/script>\n<!-- \/ Yoast SEO plugin. -->","yoast_head_json":{"title":"Guss - SM - dal 1960 nelle Attrezzature per Fonderie","description":"SM s.r.l. liefert Rohteile aus Aluminium oder Grauguss, fertig f\u00fcr die mechanische Bearbeitung.","robots":{"index":"index","follow":"follow","max-snippet":"max-snippet:-1","max-image-preview":"max-image-preview:large","max-video-preview":"max-video-preview:-1"},"canonical":"https:\/\/www.smsrl.it\/de\/guss\/","og_locale":"de_DE","og_type":"article","og_title":"Guss - SM - dal 1960 nelle Attrezzature per Fonderie","og_description":"SM s.r.l. liefert Rohteile aus Aluminium oder Grauguss, fertig f\u00fcr die mechanische Bearbeitung.","og_url":"https:\/\/www.smsrl.it\/de\/guss\/","og_site_name":"SM - dal 1960 nelle Attrezzature per Fonderie","article_modified_time":"2021-08-23T12:25:08+00:00","og_image":[{"url":"https:\/\/www.smsrl.it\/wp-content\/uploads\/2016\/04\/fusioni_grezze_1-1-1024x654.jpg"}],"twitter_card":"summary_large_image","twitter_misc":{"Gesch\u00e4tzte Lesezeit":"10\u00a0Minuten"},"schema":{"@context":"https:\/\/schema.org","@graph":[{"@type":"Organization","@id":"https:\/\/www.smsrl.it\/#organization","name":"SM srl","url":"https:\/\/www.smsrl.it\/","sameAs":[],"logo":{"@type":"ImageObject","@id":"https:\/\/www.smsrl.it\/#logo","inLanguage":"de","url":"https:\/\/www.smsrl.it\/wp-content\/uploads\/2016\/03\/logosm.png","contentUrl":"https:\/\/www.smsrl.it\/wp-content\/uploads\/2016\/03\/logosm.png","width":152,"height":84,"caption":"SM srl"},"image":{"@id":"https:\/\/www.smsrl.it\/#logo"}},{"@type":"WebSite","@id":"https:\/\/www.smsrl.it\/#website","url":"https:\/\/www.smsrl.it\/","name":"SM - dal 1960 nelle Attrezzature per Fonderie","description":"","publisher":{"@id":"https:\/\/www.smsrl.it\/#organization"},"potentialAction":[{"@type":"SearchAction","target":{"@type":"EntryPoint","urlTemplate":"https:\/\/www.smsrl.it\/?s={search_term_string}"},"query-input":"required name=search_term_string"}],"inLanguage":"de"},{"@type":"ImageObject","@id":"https:\/\/www.smsrl.it\/de\/guss\/#primaryimage","inLanguage":"de","url":"https:\/\/www.smsrl.it\/wp-content\/uploads\/2016\/04\/fusioni_grezze_1-1.jpg","contentUrl":"https:\/\/www.smsrl.it\/wp-content\/uploads\/2016\/04\/fusioni_grezze_1-1.jpg","width":1200,"height":766},{"@type":"WebPage","@id":"https:\/\/www.smsrl.it\/de\/guss\/#webpage","url":"https:\/\/www.smsrl.it\/de\/guss\/","name":"Guss - SM - dal 1960 nelle Attrezzature per Fonderie","isPartOf":{"@id":"https:\/\/www.smsrl.it\/#website"},"primaryImageOfPage":{"@id":"https:\/\/www.smsrl.it\/de\/guss\/#primaryimage"},"datePublished":"2017-08-27T13:54:23+00:00","dateModified":"2021-08-23T12:25:08+00:00","description":"SM s.r.l. liefert Rohteile aus Aluminium oder Grauguss, fertig f\u00fcr die mechanische Bearbeitung.","breadcrumb":{"@id":"https:\/\/www.smsrl.it\/de\/guss\/#breadcrumb"},"inLanguage":"de","potentialAction":[{"@type":"ReadAction","target":["https:\/\/www.smsrl.it\/de\/guss\/"]}]},{"@type":"BreadcrumbList","@id":"https:\/\/www.smsrl.it\/de\/guss\/#breadcrumb","itemListElement":[{"@type":"ListItem","position":1,"name":"Home","item":"https:\/\/www.smsrl.it\/de\/"},{"@type":"ListItem","position":2,"name":"Guss"}]}]}},"_links":{"self":[{"href":"https:\/\/www.smsrl.it\/de\/wp-json\/wp\/v2\/pages\/14329"}],"collection":[{"href":"https:\/\/www.smsrl.it\/de\/wp-json\/wp\/v2\/pages"}],"about":[{"href":"https:\/\/www.smsrl.it\/de\/wp-json\/wp\/v2\/types\/page"}],"author":[{"embeddable":true,"href":"https:\/\/www.smsrl.it\/de\/wp-json\/wp\/v2\/users\/1"}],"replies":[{"embeddable":true,"href":"https:\/\/www.smsrl.it\/de\/wp-json\/wp\/v2\/comments?post=14329"}],"version-history":[{"count":3,"href":"https:\/\/www.smsrl.it\/de\/wp-json\/wp\/v2\/pages\/14329\/revisions"}],"predecessor-version":[{"id":14817,"href":"https:\/\/www.smsrl.it\/de\/wp-json\/wp\/v2\/pages\/14329\/revisions\/14817"}],"wp:attachment":[{"href":"https:\/\/www.smsrl.it\/de\/wp-json\/wp\/v2\/media?parent=14329"}],"curies":[{"name":"wp","href":"https:\/\/api.w.org\/{rel}","templated":true}]}}