{"id":14331,"date":"2017-08-27T15:55:20","date_gmt":"2017-08-27T13:55:20","guid":{"rendered":"https:\/\/www.smsrl.it\/?page_id=14331\/"},"modified":"2021-08-23T14:26:31","modified_gmt":"2021-08-23T12:26:31","slug":"werkzeuge-fuer-giessereien","status":"publish","type":"page","link":"https:\/\/www.smsrl.it\/de\/werkzeuge-fuer-giessereien\/","title":{"rendered":"Werkzeuge f\u00fcr Gie\u00dfereien"},"content":{"rendered":"<p><div class=\"fusion-fullwidth fullwidth-box fusion-builder-row-1 fusion-flex-container fusion-parallax-none nonhundred-percent-fullwidth non-hundred-percent-height-scrolling\" style=\"background-color: rgba(255,255,255,0);background-image: url(&quot;https:\/\/www.smsrl.it\/wp-content\/uploads\/2021\/07\/attrezzature-per-fonderia-header.jpg&quot;);background-position: center center;background-repeat: no-repeat;border-width: 0px 0px 0px 0px;border-color:#eae9e9;border-style:solid;-webkit-background-size:cover;-moz-background-size:cover;-o-background-size:cover;background-size:cover;\" ><div class=\"fusion-builder-row fusion-row fusion-flex-align-items-flex-start\" style=\"max-width:1216.8px;margin-left: calc(-4% \/ 2 );margin-right: calc(-4% \/ 2 );\"><div class=\"fusion-layout-column fusion_builder_column fusion-builder-column-0 fusion_builder_column_1_1 1_1 fusion-flex-column\"><div class=\"fusion-column-wrapper fusion-flex-justify-content-flex-start fusion-content-layout-column\" style=\"background-position:left top;background-repeat:no-repeat;-webkit-background-size:cover;-moz-background-size:cover;-o-background-size:cover;background-size:cover;padding: 0px 0px 0px 0px;\"><\/div><style type=\"text\/css\">.fusion-body .fusion-builder-column-0{width:100% !important;margin-top : 20px;margin-bottom : 20px;}.fusion-builder-column-0 > .fusion-column-wrapper {padding-top : 0px !important;padding-right : 0px !important;margin-right : 1.92%;padding-bottom : 0px !important;padding-left : 0px !important;margin-left : 1.92%;}@media only screen and (max-width:1024px) {.fusion-body .fusion-builder-column-0{width:100% !important;order : 0;}.fusion-builder-column-0 > .fusion-column-wrapper {margin-right : 1.92%;margin-left : 1.92%;}}@media only screen and (max-width:640px) {.fusion-body .fusion-builder-column-0{width:100% !important;order : 0;}.fusion-builder-column-0 > .fusion-column-wrapper {margin-right : 1.92%;margin-left : 1.92%;}}<\/style><\/div><\/div><style type=\"text\/css\">.fusion-body .fusion-flex-container.fusion-builder-row-1{ padding-top : 160px;margin-top : 0px;padding-right : 0px;padding-bottom : 160px;margin-bottom : 0px;padding-left : 0px;}<\/style><\/div><div class=\"fusion-fullwidth fullwidth-box fusion-builder-row-2 nonhundred-percent-fullwidth non-hundred-percent-height-scrolling\" style=\"background-color: #000000;background-position: left top;background-repeat: no-repeat;padding-top:20px;padding-right:0px;padding-bottom:20px;padding-left:0px;margin-bottom: 0px;margin-top: 0px;border-width: 0px 0px 0px 0px;border-color:#eae9e9;border-style:solid;\" ><div class=\"fusion-builder-row fusion-row\"><div class=\"fusion-layout-column fusion_builder_column fusion-builder-column-1 fusion_builder_column_1_1 1_1 fusion-one-full fusion-column-first fusion-column-last fusion-column-no-min-height\" style=\"margin-top:0px;margin-bottom:0px;\"><div class=\"fusion-column-wrapper fusion-flex-column-wrapper-legacy\" style=\"background-position:left top;background-repeat:no-repeat;-webkit-background-size:cover;-moz-background-size:cover;-o-background-size:cover;background-size:cover;padding: 0px 0px 0px 0px;\"><div class=\"fusion-text fusion-text-1\"><p class=\"p1\"><span style=\"color: #ffffff;\">Danke seiner langj\u00e4hrigen Erfahrung im Bereich der Gie\u00dferei ist SM s.r.l. in der Lage Giesswerkzeuge f\u00fcr verschiedene Prozesse, wie Modelle und Kernk\u00e4sten, Kokillen, Druckgusswerkzeuge und Kontrolleinrichtungen, zu entwickeln und zu fertigen.<\/span><\/p>\n<p class=\"p1\" style=\"text-align: center;\"><span style=\"color: #ffffff;\"><em><strong>SM s.r.l. stellt ebenso Werkzeuge f\u00fcr Hydroforming her.<\/strong><\/em><\/span><\/p>\n<\/div><div class=\"fusion-text fusion-text-2\"><h2 style=\"text-align: center;\"><span style=\"color: #ffffff;\">Werkzeuge f\u00fcr Gie\u00dfereien <\/span><\/h2>\n<div class=\"fusion-table table-1\">\n<table width=\"100%\">\n<thead>\n<tr>\n<th>Grauguss<\/th>\n<th>Aluminium<\/th>\n<\/tr>\n<\/thead>\n<tbody>\n<tr>\n<td>Sandguss<\/td>\n<td>Schwerkraftguss<\/td>\n<\/tr>\n<tr>\n<td>Lost Foam<\/td>\n<td>Sandguss<\/td>\n<\/tr>\n<tr>\n<td>Modellplatten<\/td>\n<td>Lost Foam<\/td>\n<\/tr>\n<tr>\n<td>Kernk\u00e4sten<\/td>\n<td>Kernk\u00e4sten<\/td>\n<\/tr>\n<tr>\n<td>Vorrichtungsbau f. Kernmontage<\/td>\n<td>Vorrichtungsbau f. Kernmontage<\/td>\n<\/tr>\n<tr>\n<td>Kontrolleinrichtungen<\/td>\n<td>Kontrolleinrichtungen<\/td>\n<\/tr>\n<tr>\n<td>Kernmarkenspielkontrolle<\/td>\n<td>Kernmarkenspielkontrolle<\/td>\n<\/tr>\n<\/tbody>\n<\/table>\n<\/div>\n<\/div><div class=\"fusion-clearfix\"><\/div><\/div><\/div><div class=\"fusion-layout-column fusion_builder_column fusion-builder-column-2 fusion_builder_column_1_2 1_2 fusion-one-half fusion-column-first\" style=\"width:48%; margin-right: 4%;margin-top:20px;margin-bottom:20px;\"><div class=\"fusion-column-wrapper fusion-flex-column-wrapper-legacy\" style=\"background-position:left top;background-repeat:no-repeat;-webkit-background-size:cover;-moz-background-size:cover;-o-background-size:cover;background-size:cover;padding: 0px 0px 0px 0px;\"><div class=\"imageframe-align-center\"><div class=\"fusion-image-frame-bottomshadow image-frame-shadow-1\"><style>.fusion-image-frame-bottomshadow.image-frame-shadow-1{display:inline-block}.element-bottomshadow.imageframe-1:before, .element-bottomshadow.imageframe-1:after{-webkit-box-shadow: 0 17px 10px rgba(0,0,0,0.4);box-shadow: 0 17px 10px rgba(0,0,0,0.4);}<\/style><span class=\" fusion-imageframe imageframe-bottomshadow imageframe-1 element-bottomshadow hover-type-none\"><a class=\"fusion-no-lightbox\" href=\"https:\/\/www.smsrl.it\/de\/werkzeuge-fuer-giessereien\/hydroforming\/\" target=\"_self\" aria-label=\"idroformatura-1\"><img width=\"940\" height=\"600\" alt=\"Design\" src=\"https:\/\/www.smsrl.it\/wp-content\/uploads\/2016\/04\/idroformatura-1-1.jpg\" class=\"img-responsive wp-image-14846\" srcset=\"https:\/\/www.smsrl.it\/wp-content\/uploads\/2016\/04\/idroformatura-1-1-200x128.jpg 200w, https:\/\/www.smsrl.it\/wp-content\/uploads\/2016\/04\/idroformatura-1-1-400x255.jpg 400w, https:\/\/www.smsrl.it\/wp-content\/uploads\/2016\/04\/idroformatura-1-1-600x383.jpg 600w, https:\/\/www.smsrl.it\/wp-content\/uploads\/2016\/04\/idroformatura-1-1-800x511.jpg 800w, https:\/\/www.smsrl.it\/wp-content\/uploads\/2016\/04\/idroformatura-1-1.jpg 940w\" sizes=\"(max-width: 1150px) 100vw, 600px\" \/><\/a><\/span><\/div><\/div><div class=\"fusion-sep-clear\"><\/div><div class=\"fusion-separator fusion-full-width-sep\" style=\"margin-left: auto;margin-right: auto;margin-top:18px;width:100%;\"><\/div><div class=\"fusion-sep-clear\"><\/div><div class=\"fusion-align-block\"><a class=\"fusion-button button-flat button-small button-lightgray button-1 fusion-button-default-span fusion-button-default-type\" target=\"_self\" href=\"https:\/\/www.smsrl.it\/de\/werkzeuge-fuer-giessereien\/hydroforming\/\"><span class=\"fusion-button-text\">Link zu Hydroforming<\/span><\/a><\/div><div class=\"fusion-clearfix\"><\/div><\/div><\/div><div class=\"fusion-layout-column fusion_builder_column fusion-builder-column-3 fusion_builder_column_1_2 1_2 fusion-one-half fusion-column-last\" style=\"width:48%;margin-top:20px;margin-bottom:20px;\"><div class=\"fusion-column-wrapper fusion-flex-column-wrapper-legacy\" style=\"background-position:left top;background-repeat:no-repeat;-webkit-background-size:cover;-moz-background-size:cover;-o-background-size:cover;background-size:cover;padding: 0px 0px 0px 0px;\"><div class=\"imageframe-align-center\"><div class=\"fusion-image-frame-bottomshadow image-frame-shadow-2\"><style>.fusion-image-frame-bottomshadow.image-frame-shadow-2{display:inline-block}.element-bottomshadow.imageframe-2:before, .element-bottomshadow.imageframe-2:after{-webkit-box-shadow: 0 17px 10px rgba(0,0,0,0.4);box-shadow: 0 17px 10px rgba(0,0,0,0.4);}<\/style><span class=\" fusion-imageframe imageframe-bottomshadow imageframe-2 element-bottomshadow hover-type-none\"><a class=\"fusion-no-lightbox\" href=\"https:\/\/www.smsrl.it\/de\/werkzeuge-fuer-giessereien\/lost-foam\/\" target=\"_self\" aria-label=\"Lost-Foam-Policast\"><img width=\"940\" height=\"600\" alt=\"Sliders\" src=\"https:\/\/www.smsrl.it\/wp-content\/uploads\/2016\/04\/Lost-Foam-Policast-1.jpg\" class=\"img-responsive wp-image-14837\"\/><\/a><\/span><\/div><\/div><div class=\"fusion-sep-clear\"><\/div><div class=\"fusion-separator fusion-full-width-sep\" style=\"margin-left: auto;margin-right: auto;margin-top:18px;width:100%;\"><\/div><div class=\"fusion-sep-clear\"><\/div><div class=\"fusion-align-block\"><a class=\"fusion-button button-flat button-small button-lightgray button-2 fusion-button-default-span fusion-button-default-type\" target=\"_self\" href=\"https:\/\/www.smsrl.it\/de\/werkzeuge-fuer-giessereien\/lost-foam\/\"><span class=\"fusion-button-text\">Link zu Lost Foam<\/span><\/a><\/div><div class=\"fusion-clearfix\"><\/div><\/div><\/div><div class=\"fusion-layout-column fusion_builder_column fusion-builder-column-4 fusion_builder_column_1_2 1_2 fusion-one-half fusion-column-first\" style=\"width:48%; margin-right: 4%;margin-top:20px;margin-bottom:20px;\"><div class=\"fusion-column-wrapper fusion-flex-column-wrapper-legacy\" style=\"background-position:left top;background-repeat:no-repeat;-webkit-background-size:cover;-moz-background-size:cover;-o-background-size:cover;background-size:cover;padding: 0px 0px 0px 0px;\"><div class=\"imageframe-align-center\"><div class=\"fusion-image-frame-bottomshadow image-frame-shadow-3\"><style>.fusion-image-frame-bottomshadow.image-frame-shadow-3{display:inline-block}.element-bottomshadow.imageframe-3:before, .element-bottomshadow.imageframe-3:after{-webkit-box-shadow: 0 17px 10px rgba(0,0,0,0.4);box-shadow: 0 17px 10px rgba(0,0,0,0.4);}<\/style><span class=\" fusion-imageframe imageframe-bottomshadow imageframe-3 element-bottomshadow hover-type-none\"><a class=\"fusion-no-lightbox\" href=\"https:\/\/www.smsrl.it\/de\/werkzeuge-fuer-giessereien\/druckguss\/\" target=\"_self\" aria-label=\"Pressocolata\"><img width=\"940\" height=\"600\" alt=\"Options\" src=\"https:\/\/www.smsrl.it\/wp-content\/uploads\/2016\/04\/Pressocolata-1.jpg\" class=\"img-responsive wp-image-14848\" srcset=\"https:\/\/www.smsrl.it\/wp-content\/uploads\/2016\/04\/Pressocolata-1-200x128.jpg 200w, https:\/\/www.smsrl.it\/wp-content\/uploads\/2016\/04\/Pressocolata-1-400x255.jpg 400w, https:\/\/www.smsrl.it\/wp-content\/uploads\/2016\/04\/Pressocolata-1-600x383.jpg 600w, https:\/\/www.smsrl.it\/wp-content\/uploads\/2016\/04\/Pressocolata-1-800x511.jpg 800w, https:\/\/www.smsrl.it\/wp-content\/uploads\/2016\/04\/Pressocolata-1.jpg 940w\" sizes=\"(max-width: 1150px) 100vw, 600px\" \/><\/a><\/span><\/div><\/div><div class=\"fusion-sep-clear\"><\/div><div class=\"fusion-separator fusion-full-width-sep\" style=\"margin-left: auto;margin-right: auto;margin-top:18px;width:100%;\"><\/div><div class=\"fusion-sep-clear\"><\/div><div class=\"fusion-align-block\"><a class=\"fusion-button button-flat button-small button-lightgray button-3 fusion-button-default-span fusion-button-default-type\" target=\"_self\" href=\"https:\/\/www.smsrl.it\/de\/werkzeuge-fuer-giessereien\/druckguss\/\"><span class=\"fusion-button-text\">Link zu Druckguss<\/span><\/a><\/div><div class=\"fusion-clearfix\"><\/div><\/div><\/div><div class=\"fusion-layout-column fusion_builder_column fusion-builder-column-5 fusion_builder_column_1_2 1_2 fusion-one-half fusion-column-last\" style=\"width:48%;margin-top:20px;margin-bottom:20px;\"><div class=\"fusion-column-wrapper fusion-flex-column-wrapper-legacy\" style=\"background-position:left top;background-repeat:no-repeat;-webkit-background-size:cover;-moz-background-size:cover;-o-background-size:cover;background-size:cover;padding: 0px 0px 0px 0px;\"><div class=\"imageframe-align-center\"><div class=\"fusion-image-frame-bottomshadow image-frame-shadow-4\"><style>.fusion-image-frame-bottomshadow.image-frame-shadow-4{display:inline-block}.element-bottomshadow.imageframe-4:before, .element-bottomshadow.imageframe-4:after{-webkit-box-shadow: 0 17px 10px rgba(0,0,0,0.4);box-shadow: 0 17px 10px rgba(0,0,0,0.4);}<\/style><span class=\" fusion-imageframe imageframe-bottomshadow imageframe-4 element-bottomshadow hover-type-none\"><a class=\"fusion-no-lightbox\" href=\"https:\/\/www.smsrl.it\/de\/werkzeuge-fuer-giessereien\/prototypen\/\" target=\"_self\" aria-label=\"prototipali-2\"><img width=\"940\" height=\"600\" alt=\"Options\" src=\"https:\/\/www.smsrl.it\/wp-content\/uploads\/2016\/04\/prototipali-2-1.jpg\" class=\"img-responsive wp-image-14847\" srcset=\"https:\/\/www.smsrl.it\/wp-content\/uploads\/2016\/04\/prototipali-2-1-200x128.jpg 200w, https:\/\/www.smsrl.it\/wp-content\/uploads\/2016\/04\/prototipali-2-1-400x255.jpg 400w, https:\/\/www.smsrl.it\/wp-content\/uploads\/2016\/04\/prototipali-2-1-600x383.jpg 600w, https:\/\/www.smsrl.it\/wp-content\/uploads\/2016\/04\/prototipali-2-1-800x511.jpg 800w, https:\/\/www.smsrl.it\/wp-content\/uploads\/2016\/04\/prototipali-2-1.jpg 940w\" sizes=\"(max-width: 1150px) 100vw, 600px\" \/><\/a><\/span><\/div><\/div><div class=\"fusion-sep-clear\"><\/div><div class=\"fusion-separator fusion-full-width-sep\" style=\"margin-left: auto;margin-right: auto;margin-top:18px;width:100%;\"><\/div><div class=\"fusion-sep-clear\"><\/div><div class=\"fusion-align-block\"><a class=\"fusion-button button-flat button-small button-lightgray button-4 fusion-button-default-span fusion-button-default-type\" target=\"_self\" href=\"https:\/\/www.smsrl.it\/de\/werkzeuge-fuer-giessereien\/prototypen\/\"><span class=\"fusion-button-text\">Link zu Prototypen<\/span><\/a><\/div><div class=\"fusion-clearfix\"><\/div><\/div><\/div><\/div><\/div><\/p>\n","protected":false},"excerpt":{"rendered":"","protected":false},"author":1,"featured_media":0,"parent":0,"menu_order":0,"comment_status":"closed","ping_status":"closed","template":"100-width.php","meta":[],"yoast_head":"<!-- This site is optimized with the Yoast SEO plugin v17.0 - https:\/\/yoast.com\/wordpress\/plugins\/seo\/ -->\n<title>Werkzeuge f\u00fcr Gie\u00dfereien - SM - dal 1960 nelle Attrezzature per Fonderie<\/title>\n<meta name=\"description\" content=\"Grauguss, Sandguss, Aluminium, Schwerkraftguss, Lost Foam, Modellplatten, Kernk\u00e4sten, Vorrichtungsbau f. Kernmontage, Kontrolleinrichtungen\" \/>\n<meta name=\"robots\" content=\"index, follow, max-snippet:-1, max-image-preview:large, max-video-preview:-1\" \/>\n<link rel=\"canonical\" href=\"https:\/\/www.smsrl.it\/de\/werkzeuge-fuer-giessereien\/\" \/>\n<meta property=\"og:locale\" content=\"de_DE\" \/>\n<meta property=\"og:type\" content=\"article\" \/>\n<meta property=\"og:title\" content=\"Werkzeuge f\u00fcr Gie\u00dfereien - SM - dal 1960 nelle Attrezzature per Fonderie\" \/>\n<meta property=\"og:description\" content=\"Grauguss, Sandguss, Aluminium, Schwerkraftguss, Lost Foam, Modellplatten, Kernk\u00e4sten, Vorrichtungsbau f. Kernmontage, Kontrolleinrichtungen\" \/>\n<meta property=\"og:url\" content=\"https:\/\/www.smsrl.it\/de\/werkzeuge-fuer-giessereien\/\" \/>\n<meta property=\"og:site_name\" content=\"SM - dal 1960 nelle Attrezzature per Fonderie\" \/>\n<meta property=\"article:modified_time\" content=\"2021-08-23T12:26:31+00:00\" \/>\n<meta property=\"og:image\" content=\"https:\/\/www.smsrl.it\/wp-content\/uploads\/2016\/04\/idroformatura-1-1.jpg\" \/>\n<meta name=\"twitter:card\" content=\"summary_large_image\" \/>\n<meta name=\"twitter:label1\" content=\"Gesch\u00e4tzte Lesezeit\" \/>\n\t<meta name=\"twitter:data1\" content=\"9\u00a0Minuten\" \/>\n<script type=\"application\/ld+json\" class=\"yoast-schema-graph\">{\"@context\":\"https:\/\/schema.org\",\"@graph\":[{\"@type\":\"Organization\",\"@id\":\"https:\/\/www.smsrl.it\/#organization\",\"name\":\"SM srl\",\"url\":\"https:\/\/www.smsrl.it\/\",\"sameAs\":[],\"logo\":{\"@type\":\"ImageObject\",\"@id\":\"https:\/\/www.smsrl.it\/#logo\",\"inLanguage\":\"de\",\"url\":\"https:\/\/www.smsrl.it\/wp-content\/uploads\/2016\/03\/logosm.png\",\"contentUrl\":\"https:\/\/www.smsrl.it\/wp-content\/uploads\/2016\/03\/logosm.png\",\"width\":152,\"height\":84,\"caption\":\"SM srl\"},\"image\":{\"@id\":\"https:\/\/www.smsrl.it\/#logo\"}},{\"@type\":\"WebSite\",\"@id\":\"https:\/\/www.smsrl.it\/#website\",\"url\":\"https:\/\/www.smsrl.it\/\",\"name\":\"SM - dal 1960 nelle Attrezzature per Fonderie\",\"description\":\"\",\"publisher\":{\"@id\":\"https:\/\/www.smsrl.it\/#organization\"},\"potentialAction\":[{\"@type\":\"SearchAction\",\"target\":{\"@type\":\"EntryPoint\",\"urlTemplate\":\"https:\/\/www.smsrl.it\/?s={search_term_string}\"},\"query-input\":\"required name=search_term_string\"}],\"inLanguage\":\"de\"},{\"@type\":\"ImageObject\",\"@id\":\"https:\/\/www.smsrl.it\/de\/werkzeuge-fuer-giessereien\/#primaryimage\",\"inLanguage\":\"de\",\"url\":\"https:\/\/www.smsrl.it\/wp-content\/uploads\/2016\/04\/idroformatura-1-1.jpg\",\"contentUrl\":\"https:\/\/www.smsrl.it\/wp-content\/uploads\/2016\/04\/idroformatura-1-1.jpg\",\"width\":940,\"height\":600},{\"@type\":\"WebPage\",\"@id\":\"https:\/\/www.smsrl.it\/de\/werkzeuge-fuer-giessereien\/#webpage\",\"url\":\"https:\/\/www.smsrl.it\/de\/werkzeuge-fuer-giessereien\/\",\"name\":\"Werkzeuge f\\u00fcr Gie\\u00dfereien - SM - dal 1960 nelle Attrezzature per Fonderie\",\"isPartOf\":{\"@id\":\"https:\/\/www.smsrl.it\/#website\"},\"primaryImageOfPage\":{\"@id\":\"https:\/\/www.smsrl.it\/de\/werkzeuge-fuer-giessereien\/#primaryimage\"},\"datePublished\":\"2017-08-27T13:55:20+00:00\",\"dateModified\":\"2021-08-23T12:26:31+00:00\",\"description\":\"Grauguss, Sandguss, Aluminium, Schwerkraftguss, Lost Foam, Modellplatten, Kernk\\u00e4sten, Vorrichtungsbau f. Kernmontage, Kontrolleinrichtungen\",\"breadcrumb\":{\"@id\":\"https:\/\/www.smsrl.it\/de\/werkzeuge-fuer-giessereien\/#breadcrumb\"},\"inLanguage\":\"de\",\"potentialAction\":[{\"@type\":\"ReadAction\",\"target\":[\"https:\/\/www.smsrl.it\/de\/werkzeuge-fuer-giessereien\/\"]}]},{\"@type\":\"BreadcrumbList\",\"@id\":\"https:\/\/www.smsrl.it\/de\/werkzeuge-fuer-giessereien\/#breadcrumb\",\"itemListElement\":[{\"@type\":\"ListItem\",\"position\":1,\"name\":\"Home\",\"item\":\"https:\/\/www.smsrl.it\/de\/\"},{\"@type\":\"ListItem\",\"position\":2,\"name\":\"Werkzeuge f\\u00fcr Gie\\u00dfereien\"}]}]}<\/script>\n<!-- \/ Yoast SEO plugin. -->","yoast_head_json":{"title":"Werkzeuge f\u00fcr Gie\u00dfereien - SM - dal 1960 nelle Attrezzature per Fonderie","description":"Grauguss, Sandguss, Aluminium, Schwerkraftguss, Lost Foam, Modellplatten, Kernk\u00e4sten, Vorrichtungsbau f. Kernmontage, Kontrolleinrichtungen","robots":{"index":"index","follow":"follow","max-snippet":"max-snippet:-1","max-image-preview":"max-image-preview:large","max-video-preview":"max-video-preview:-1"},"canonical":"https:\/\/www.smsrl.it\/de\/werkzeuge-fuer-giessereien\/","og_locale":"de_DE","og_type":"article","og_title":"Werkzeuge f\u00fcr Gie\u00dfereien - SM - dal 1960 nelle Attrezzature per Fonderie","og_description":"Grauguss, Sandguss, Aluminium, Schwerkraftguss, Lost Foam, Modellplatten, Kernk\u00e4sten, Vorrichtungsbau f. Kernmontage, Kontrolleinrichtungen","og_url":"https:\/\/www.smsrl.it\/de\/werkzeuge-fuer-giessereien\/","og_site_name":"SM - dal 1960 nelle Attrezzature per Fonderie","article_modified_time":"2021-08-23T12:26:31+00:00","og_image":[{"url":"https:\/\/www.smsrl.it\/wp-content\/uploads\/2016\/04\/idroformatura-1-1.jpg"}],"twitter_card":"summary_large_image","twitter_misc":{"Gesch\u00e4tzte Lesezeit":"9\u00a0Minuten"},"schema":{"@context":"https:\/\/schema.org","@graph":[{"@type":"Organization","@id":"https:\/\/www.smsrl.it\/#organization","name":"SM srl","url":"https:\/\/www.smsrl.it\/","sameAs":[],"logo":{"@type":"ImageObject","@id":"https:\/\/www.smsrl.it\/#logo","inLanguage":"de","url":"https:\/\/www.smsrl.it\/wp-content\/uploads\/2016\/03\/logosm.png","contentUrl":"https:\/\/www.smsrl.it\/wp-content\/uploads\/2016\/03\/logosm.png","width":152,"height":84,"caption":"SM srl"},"image":{"@id":"https:\/\/www.smsrl.it\/#logo"}},{"@type":"WebSite","@id":"https:\/\/www.smsrl.it\/#website","url":"https:\/\/www.smsrl.it\/","name":"SM - dal 1960 nelle Attrezzature per Fonderie","description":"","publisher":{"@id":"https:\/\/www.smsrl.it\/#organization"},"potentialAction":[{"@type":"SearchAction","target":{"@type":"EntryPoint","urlTemplate":"https:\/\/www.smsrl.it\/?s={search_term_string}"},"query-input":"required name=search_term_string"}],"inLanguage":"de"},{"@type":"ImageObject","@id":"https:\/\/www.smsrl.it\/de\/werkzeuge-fuer-giessereien\/#primaryimage","inLanguage":"de","url":"https:\/\/www.smsrl.it\/wp-content\/uploads\/2016\/04\/idroformatura-1-1.jpg","contentUrl":"https:\/\/www.smsrl.it\/wp-content\/uploads\/2016\/04\/idroformatura-1-1.jpg","width":940,"height":600},{"@type":"WebPage","@id":"https:\/\/www.smsrl.it\/de\/werkzeuge-fuer-giessereien\/#webpage","url":"https:\/\/www.smsrl.it\/de\/werkzeuge-fuer-giessereien\/","name":"Werkzeuge f\u00fcr Gie\u00dfereien - SM - dal 1960 nelle Attrezzature per Fonderie","isPartOf":{"@id":"https:\/\/www.smsrl.it\/#website"},"primaryImageOfPage":{"@id":"https:\/\/www.smsrl.it\/de\/werkzeuge-fuer-giessereien\/#primaryimage"},"datePublished":"2017-08-27T13:55:20+00:00","dateModified":"2021-08-23T12:26:31+00:00","description":"Grauguss, Sandguss, Aluminium, Schwerkraftguss, Lost Foam, Modellplatten, Kernk\u00e4sten, Vorrichtungsbau f. Kernmontage, Kontrolleinrichtungen","breadcrumb":{"@id":"https:\/\/www.smsrl.it\/de\/werkzeuge-fuer-giessereien\/#breadcrumb"},"inLanguage":"de","potentialAction":[{"@type":"ReadAction","target":["https:\/\/www.smsrl.it\/de\/werkzeuge-fuer-giessereien\/"]}]},{"@type":"BreadcrumbList","@id":"https:\/\/www.smsrl.it\/de\/werkzeuge-fuer-giessereien\/#breadcrumb","itemListElement":[{"@type":"ListItem","position":1,"name":"Home","item":"https:\/\/www.smsrl.it\/de\/"},{"@type":"ListItem","position":2,"name":"Werkzeuge f\u00fcr Gie\u00dfereien"}]}]}},"_links":{"self":[{"href":"https:\/\/www.smsrl.it\/de\/wp-json\/wp\/v2\/pages\/14331"}],"collection":[{"href":"https:\/\/www.smsrl.it\/de\/wp-json\/wp\/v2\/pages"}],"about":[{"href":"https:\/\/www.smsrl.it\/de\/wp-json\/wp\/v2\/types\/page"}],"author":[{"embeddable":true,"href":"https:\/\/www.smsrl.it\/de\/wp-json\/wp\/v2\/users\/1"}],"replies":[{"embeddable":true,"href":"https:\/\/www.smsrl.it\/de\/wp-json\/wp\/v2\/comments?post=14331"}],"version-history":[{"count":9,"href":"https:\/\/www.smsrl.it\/de\/wp-json\/wp\/v2\/pages\/14331\/revisions"}],"predecessor-version":[{"id":14834,"href":"https:\/\/www.smsrl.it\/de\/wp-json\/wp\/v2\/pages\/14331\/revisions\/14834"}],"wp:attachment":[{"href":"https:\/\/www.smsrl.it\/de\/wp-json\/wp\/v2\/media?parent=14331"}],"curies":[{"name":"wp","href":"https:\/\/api.w.org\/{rel}","templated":true}]}}