{"id":14373,"date":"2017-08-27T16:22:34","date_gmt":"2017-08-27T14:22:34","guid":{"rendered":"https:\/\/www.smsrl.it\/?page_id=14373\/"},"modified":"2026-04-14T10:33:46","modified_gmt":"2026-04-14T08:33:46","slug":"maschinen-und-software","status":"publish","type":"page","link":"https:\/\/www.smsrl.it\/de\/maschinen-und-software\/","title":{"rendered":"Maschinen und Software"},"content":{"rendered":"<div class=\"fusion-fullwidth fullwidth-box fusion-builder-row-1 hundred-percent-fullwidth non-hundred-percent-height-scrolling\" style=\"background-color: rgba(255,255,255,0);background-position: center center;background-repeat: no-repeat;padding-top:0px;padding-right:0px;padding-bottom:0px;padding-left:0px;margin-bottom: 0px;margin-top: 0px;border-width: 0px 0px 0px 0px;border-color:#eae9e9;border-style:solid;\" ><div class=\"fusion-builder-row fusion-row\"><div class=\"fusion-layout-column fusion_builder_column fusion-builder-column-0 fusion_builder_column_1_1 1_1 fusion-one-full fusion-column-first fusion-column-last fusion-column-no-min-height\" style=\"margin-top:0px;margin-bottom:0px;\"><div class=\"fusion-column-wrapper fusion-flex-column-wrapper-legacy\" style=\"background-position:left top;background-repeat:no-repeat;-webkit-background-size:cover;-moz-background-size:cover;-o-background-size:cover;background-size:cover;padding: 0px 0px 0px 0px;\"><style type=\"text\/css\"><\/style><div class=\"fusion-title title fusion-title-1 fusion-sep-none fusion-title-text fusion-title-size-two\" style=\"margin-top:0px;margin-right:0px;margin-bottom:31px;margin-left:0px;\"><h2 class=\"title-heading-left\" style=\"margin:0;\">Maschinen und Software<\/h2><\/div><div class=\"fusion-text fusion-text-1\"><p>Unsere Maschinen und Bearbeitungszentren sind neu und entsprechen stets dem Stand der Technik. Die Wartung durch unsere spezialisierten Mitarbeiter erm\u00f6glich ein kontinuierliches Arbeiten mit hoher Leistungsf\u00e4higkeit. Alle Bearbeitungszentren haben 5 Achsen und sind somit in der Lage komplexe Geometrien zu bearbeiten. Der unterst\u00fctzende Einsatz von Robotern in der Fertigung erm\u00f6glichen ein schnelles und pr\u00e4zises Wechseln von Auftr\u00e4gen. Unsere Qualit\u00e4tsabteilung ist mit den neuesten 3D Messmaschinen ausgestattet.<\/p>\n<\/div><div class=\"fusion-clearfix\"><\/div><\/div><\/div><div class=\"fusion-layout-column fusion_builder_column fusion-builder-column-1 fusion_builder_column_1_1 1_1 fusion-one-full fusion-column-first fusion-column-last fusion-column-no-min-height\" style=\"margin-top:0px;margin-bottom:0px;\"><div class=\"fusion-column-wrapper fusion-flex-column-wrapper-legacy\" style=\"background-position:left top;background-repeat:no-repeat;-webkit-background-size:cover;-moz-background-size:cover;-o-background-size:cover;background-size:cover;padding: 0px 0px 0px 0px;\">\r\n\t\t\t\t\t\n\r\n\t\t\t\t\t<!-- START UNITE GALLERY 1.7.29 -->\r\n\t\t\t\t\t\r\n\t\t\t\t\n\t\t\t<div id='unitegallery_27_1' class='unite-gallery' style='margin:0px auto;'>\n\t\t\t\t\n\n\t\t\t\t\t\t<img alt=\"GROB G550\"\n\t\t\t\t\t\t     src=\"https:\/\/www.smsrl.it\/wp-content\/uploads\/2026\/04\/GROB-G550.jpg\"\n\t\t\t\t\t\t     data-thumb=\"https:\/\/www.smsrl.it\/wp-content\/uploads\/2026\/04\/GROB-G550-300x214.jpg\"\n\t\t\t\t\t\t     title=\"\"\n\t\t\t\t\t\t     style=\"display:none\">\n\n\t\t\t\t\t\t<img alt=\"GROB G350T\"\n\t\t\t\t\t\t     src=\"https:\/\/www.smsrl.it\/wp-content\/uploads\/2025\/01\/GROB-G350T.jpg\"\n\t\t\t\t\t\t     data-thumb=\"https:\/\/www.smsrl.it\/wp-content\/uploads\/2025\/01\/GROB-G350T-300x266.jpg\"\n\t\t\t\t\t\t     title=\"\"\n\t\t\t\t\t\t     style=\"display:none\">\n\n\t\t\t\t\t\t<img alt=\"DMU65 Monoblock\"\n\t\t\t\t\t\t     src=\"https:\/\/www.smsrl.it\/wp-content\/uploads\/2017\/11\/DMU65-Monoblock.jpg\"\n\t\t\t\t\t\t     data-thumb=\"https:\/\/www.smsrl.it\/wp-content\/uploads\/2017\/11\/DMU65-Monoblock-300x223.jpg\"\n\t\t\t\t\t\t     title=\"\"\n\t\t\t\t\t\t     style=\"display:none\">\n\n\t\t\t\t\t\t<img alt=\"DMC 80 H\"\n\t\t\t\t\t\t     src=\"https:\/\/www.smsrl.it\/wp-content\/uploads\/2017\/04\/DMC-80-H.jpg\"\n\t\t\t\t\t\t     data-thumb=\"https:\/\/www.smsrl.it\/wp-content\/uploads\/2017\/04\/DMC-80-H-300x284.jpg\"\n\t\t\t\t\t\t     title=\"\"\n\t\t\t\t\t\t     style=\"display:none\">\n\n\t\t\t\t\t\t<img alt=\"DMU 60 evo\"\n\t\t\t\t\t\t     src=\"https:\/\/www.smsrl.it\/wp-content\/uploads\/2017\/04\/DMU-60-evo.jpg\"\n\t\t\t\t\t\t     data-thumb=\"https:\/\/www.smsrl.it\/wp-content\/uploads\/2017\/04\/DMU-60-evo-300x175.jpg\"\n\t\t\t\t\t\t     title=\"\"\n\t\t\t\t\t\t     style=\"display:none\">\n\n\t\t\t\t\t\t<img alt=\"DMU 100U Duoblock\"\n\t\t\t\t\t\t     src=\"https:\/\/www.smsrl.it\/wp-content\/uploads\/2017\/04\/DMU-105-Duoblock.jpg\"\n\t\t\t\t\t\t     data-thumb=\"https:\/\/www.smsrl.it\/wp-content\/uploads\/2017\/04\/DMU-105-Duoblock-300x284.jpg\"\n\t\t\t\t\t\t     title=\"\"\n\t\t\t\t\t\t     style=\"display:none\">\n\n\t\t\t\t\t\t<img alt=\"DMU 105 Monoblock\"\n\t\t\t\t\t\t     src=\"https:\/\/www.smsrl.it\/wp-content\/uploads\/2017\/04\/DMU-105-Monoblock.jpg\"\n\t\t\t\t\t\t     data-thumb=\"https:\/\/www.smsrl.it\/wp-content\/uploads\/2017\/04\/DMU-105-Monoblock-300x251.jpg\"\n\t\t\t\t\t\t     title=\"\"\n\t\t\t\t\t\t     style=\"display:none\">\n\n\t\t\t\t\t\t<img alt=\"GF MIKRON HPM 800 U HD\"\n\t\t\t\t\t\t     src=\"https:\/\/www.smsrl.it\/wp-content\/uploads\/2017\/04\/GF-MIKRON-HPM-800-U-HD.jpg\"\n\t\t\t\t\t\t     data-thumb=\"https:\/\/www.smsrl.it\/wp-content\/uploads\/2017\/04\/GF-MIKRON-HPM-800-U-HD-300x200.jpg\"\n\t\t\t\t\t\t     title=\"\"\n\t\t\t\t\t\t     style=\"display:none\">\n\n\t\t\t\t\t\t<img alt=\"HERMLE C40U\"\n\t\t\t\t\t\t     src=\"https:\/\/www.smsrl.it\/wp-content\/uploads\/2017\/04\/HERMLE-C40U.jpg\"\n\t\t\t\t\t\t     data-thumb=\"https:\/\/www.smsrl.it\/wp-content\/uploads\/2017\/04\/HERMLE-C40U-300x225.jpg\"\n\t\t\t\t\t\t     title=\"\"\n\t\t\t\t\t\t     style=\"display:none\">\n\n\t\t\t\t\t\t<img alt=\"RAID XL\"\n\t\t\t\t\t\t     src=\"https:\/\/www.smsrl.it\/wp-content\/uploads\/2017\/04\/RAID-XL.jpg\"\n\t\t\t\t\t\t     data-thumb=\"https:\/\/www.smsrl.it\/wp-content\/uploads\/2017\/04\/RAID-XL-300x225.jpg\"\n\t\t\t\t\t\t     title=\"\"\n\t\t\t\t\t\t     style=\"display:none\">\n\n\t\t\t\t\t\t<img alt=\"ZOLLER_venturion_450_pilot_3\"\n\t\t\t\t\t\t     src=\"https:\/\/www.smsrl.it\/wp-content\/uploads\/2017\/04\/ZOLLER_venturion_450_pilot_3.jpg\"\n\t\t\t\t\t\t     data-thumb=\"https:\/\/www.smsrl.it\/wp-content\/uploads\/2017\/04\/ZOLLER_venturion_450_pilot_3-300x281.jpg\"\n\t\t\t\t\t\t     title=\"\"\n\t\t\t\t\t\t     style=\"display:none\">\n\n\t\t\t\t\t\t<img alt=\"DEA-Global und Scirocco\"\n\t\t\t\t\t\t     src=\"https:\/\/www.smsrl.it\/wp-content\/uploads\/2017\/04\/DEA-GLOBAL.jpg\"\n\t\t\t\t\t\t     data-thumb=\"https:\/\/www.smsrl.it\/wp-content\/uploads\/2017\/04\/DEA-GLOBAL-266x300.jpg\"\n\t\t\t\t\t\t     title=\"\"\n\t\t\t\t\t\t     style=\"display:none\">\n\n\t\t\t\t\t\t<img alt=\"DEA-Scirocco\"\n\t\t\t\t\t\t     src=\"https:\/\/www.smsrl.it\/wp-content\/uploads\/2017\/11\/DEA-Scirocco-1.jpg\"\n\t\t\t\t\t\t     data-thumb=\"https:\/\/www.smsrl.it\/wp-content\/uploads\/2017\/11\/DEA-Scirocco-1-193x300.jpg\"\n\t\t\t\t\t\t     title=\"\"\n\t\t\t\t\t\t     style=\"display:none\">\n\n\t\t\t\t\t\t<img alt=\"MAHR Marsurf CD120\"\n\t\t\t\t\t\t     src=\"https:\/\/www.smsrl.it\/wp-content\/uploads\/2017\/11\/MAHR-Marsurf-CD120.jpg\"\n\t\t\t\t\t\t     data-thumb=\"https:\/\/www.smsrl.it\/wp-content\/uploads\/2017\/11\/MAHR-Marsurf-CD120.jpg\"\n\t\t\t\t\t\t     title=\"\"\n\t\t\t\t\t\t     style=\"display:none\">\n\t\t\t<\/div>\n\n\t\t\t<script type='text\/javascript'>\n\t\t\t\twindow.onload = function(e) {\n\t\t\t\t\tif(typeof ugCheckForErrors == \"undefined\"){\n\t\t\t\t\t\tdocument.getElementById(\"unitegallery_27_1\").innerHTML = \"<span style='color:red'>Unite Gallery Error - gallery js and css files not included in the footer. Please make sure that wp_footer() function is added to your theme.<\/span>\";}\n\t\t\t\t\telse{ ugCheckForErrors(\"unitegallery_27_1\", \"jquery\");}\n\t\t\t\t};\n\t\t\t<\/script>\n\n\t\t\t<!-- END UNITEGALLERY --><div class=\"fusion-align-block\"><style type=\"text\/css\">.fusion-button.button-1 {border-radius:2px;}<\/style><a class=\"fusion-button button-flat fusion-button-default-size button-default button-1 fusion-button-span-yes fusion-button-default-type\" target=\"_blank\" rel=\"noopener noreferrer\" href=\"https:\/\/www.smsrl.it\/wp-content\/uploads\/2026\/04\/TD_MASCHINENLISTE-2026.pdf\"><i class=\"fa-download fas button-icon-left\" aria-hidden=\"true\"><\/i><span class=\"fusion-button-text\">Unsere Maschinenliste in pdf<\/span><\/a><\/div><div class=\"fusion-sep-clear\"><\/div><div class=\"fusion-separator fusion-full-width-sep\" style=\"margin-left: auto;margin-right: auto;margin-top:15px;margin-bottom:15px;width:100%;\"><\/div><div class=\"fusion-sep-clear\"><\/div><div class=\"fusion-clearfix\"><\/div><\/div><\/div><div class=\"fusion-layout-column fusion_builder_column fusion-builder-column-2 fusion_builder_column_1_1 1_1 fusion-one-full fusion-column-first fusion-column-last fusion-animated\" style=\"margin-top:20px;margin-bottom:20px;\" data-animationType=\"fadeInRight\" data-animationDuration=\"0.6\" data-animationOffset=\"top-into-view\"><div class=\"fusion-column-wrapper fusion-flex-column-wrapper-legacy\" style=\"background-position:left top;background-repeat:no-repeat;-webkit-background-size:cover;-moz-background-size:cover;-o-background-size:cover;background-size:cover;padding: 0px 0px 0px 0px;\"><div class=\"fusion-text fusion-text-2\"><h2>Unsere Software<\/h2>\n<div class=\"fusion-table table-1\">\n<div class=\"fusion-table table-1\">\n<div class=\"fusion-table table-1\">\n<table width=\"100%\">\n<tbody>\n<tr>\n<td><em><strong>Cimatron IT \u2013 2D\/3D\/CAM 3x \u2013 5x<\/strong><\/em> \u2013 Modellierung von Solid und Fl\u00e4chen<\/td>\n<\/tr>\n<tr>\n<td><em><strong>Catia V5 \u2013 2D\/3D<\/strong> <\/em>\u2013 Parametrische Solid-Modellierung und Fl\u00e4chen<\/td>\n<\/tr>\n<tr>\n<td><em><strong>Pro-Engineer \u2013 2D\/3D<\/strong><\/em> &#8211; Parametrische Solid-Modellierung und Fl\u00e4chen<\/td>\n<\/tr>\n<tr>\n<td><em><strong>Hypermill<\/strong><\/em> \u2013 CAM Software 3x-5x<\/td>\n<\/tr>\n<tr>\n<td><em><strong>Schnittstellen zu anderer Software: IGES \u2013 VDA \u2013 DXF \u2013 SET \u2013 STL\/JAMA-IS\/PDGS\/DWG<\/strong><\/em> \u2013 direktes Einlesen<\/td>\n<\/tr>\n<\/tbody>\n<\/table>\n<\/div>\n<\/div>\n<\/div>\n<\/div><div class=\"fusion-clearfix\"><\/div><\/div><\/div><div class=\"fusion-layout-column fusion_builder_column fusion-builder-column-3 fusion_builder_column_1_1 1_1 fusion-one-full fusion-column-first fusion-column-last fusion-column-no-min-height\" style=\"margin-top:0px;margin-bottom:0px;\"><div class=\"fusion-column-wrapper fusion-flex-column-wrapper-legacy\" style=\"background-position:left top;background-repeat:no-repeat;-webkit-background-size:cover;-moz-background-size:cover;-o-background-size:cover;background-size:cover;padding: 0px 0px 0px 0px;\"><div class=\"fusion-text fusion-text-3\"><\/div><div class=\"fusion-clearfix\"><\/div><\/div><\/div><\/div><style type=\"text\/css\">.fusion-fullwidth.fusion-builder-row-1 { overflow:visible; }<\/style><\/div>\n","protected":false},"excerpt":{"rendered":"","protected":false},"author":1,"featured_media":0,"parent":0,"menu_order":0,"comment_status":"closed","ping_status":"closed","template":"100-width.php","meta":[],"yoast_head":"<!-- This site is optimized with the Yoast SEO plugin v17.0 - https:\/\/yoast.com\/wordpress\/plugins\/seo\/ -->\n<title>Maschinen und Software - SM - dal 1960 nelle Attrezzature per Fonderie<\/title>\n<meta name=\"robots\" content=\"index, follow, max-snippet:-1, max-image-preview:large, max-video-preview:-1\" \/>\n<link rel=\"canonical\" href=\"https:\/\/www.smsrl.it\/de\/maschinen-und-software\/\" \/>\n<meta property=\"og:locale\" content=\"de_DE\" \/>\n<meta property=\"og:type\" content=\"article\" \/>\n<meta property=\"og:title\" content=\"Maschinen und Software - SM - dal 1960 nelle Attrezzature per Fonderie\" \/>\n<meta property=\"og:url\" content=\"https:\/\/www.smsrl.it\/de\/maschinen-und-software\/\" \/>\n<meta property=\"og:site_name\" content=\"SM - dal 1960 nelle Attrezzature per Fonderie\" \/>\n<meta property=\"article:modified_time\" content=\"2026-04-14T08:33:46+00:00\" \/>\n<meta name=\"twitter:card\" content=\"summary_large_image\" \/>\n<meta name=\"twitter:label1\" content=\"Gesch\u00e4tzte Lesezeit\" \/>\n\t<meta name=\"twitter:data1\" content=\"4\u00a0Minuten\" \/>\n<script type=\"application\/ld+json\" class=\"yoast-schema-graph\">{\"@context\":\"https:\/\/schema.org\",\"@graph\":[{\"@type\":\"Organization\",\"@id\":\"https:\/\/www.smsrl.it\/#organization\",\"name\":\"SM srl\",\"url\":\"https:\/\/www.smsrl.it\/\",\"sameAs\":[],\"logo\":{\"@type\":\"ImageObject\",\"@id\":\"https:\/\/www.smsrl.it\/#logo\",\"inLanguage\":\"de\",\"url\":\"https:\/\/www.smsrl.it\/wp-content\/uploads\/2016\/03\/logosm.png\",\"contentUrl\":\"https:\/\/www.smsrl.it\/wp-content\/uploads\/2016\/03\/logosm.png\",\"width\":152,\"height\":84,\"caption\":\"SM srl\"},\"image\":{\"@id\":\"https:\/\/www.smsrl.it\/#logo\"}},{\"@type\":\"WebSite\",\"@id\":\"https:\/\/www.smsrl.it\/#website\",\"url\":\"https:\/\/www.smsrl.it\/\",\"name\":\"SM - dal 1960 nelle Attrezzature per Fonderie\",\"description\":\"\",\"publisher\":{\"@id\":\"https:\/\/www.smsrl.it\/#organization\"},\"potentialAction\":[{\"@type\":\"SearchAction\",\"target\":{\"@type\":\"EntryPoint\",\"urlTemplate\":\"https:\/\/www.smsrl.it\/?s={search_term_string}\"},\"query-input\":\"required name=search_term_string\"}],\"inLanguage\":\"de\"},{\"@type\":\"WebPage\",\"@id\":\"https:\/\/www.smsrl.it\/de\/maschinen-und-software\/#webpage\",\"url\":\"https:\/\/www.smsrl.it\/de\/maschinen-und-software\/\",\"name\":\"Maschinen und Software - SM - dal 1960 nelle Attrezzature per Fonderie\",\"isPartOf\":{\"@id\":\"https:\/\/www.smsrl.it\/#website\"},\"datePublished\":\"2017-08-27T14:22:34+00:00\",\"dateModified\":\"2026-04-14T08:33:46+00:00\",\"breadcrumb\":{\"@id\":\"https:\/\/www.smsrl.it\/de\/maschinen-und-software\/#breadcrumb\"},\"inLanguage\":\"de\",\"potentialAction\":[{\"@type\":\"ReadAction\",\"target\":[\"https:\/\/www.smsrl.it\/de\/maschinen-und-software\/\"]}]},{\"@type\":\"BreadcrumbList\",\"@id\":\"https:\/\/www.smsrl.it\/de\/maschinen-und-software\/#breadcrumb\",\"itemListElement\":[{\"@type\":\"ListItem\",\"position\":1,\"name\":\"Home\",\"item\":\"https:\/\/www.smsrl.it\/de\/\"},{\"@type\":\"ListItem\",\"position\":2,\"name\":\"Maschinen und Software\"}]}]}<\/script>\n<!-- \/ Yoast SEO plugin. -->","yoast_head_json":{"title":"Maschinen und Software - SM - dal 1960 nelle Attrezzature per Fonderie","robots":{"index":"index","follow":"follow","max-snippet":"max-snippet:-1","max-image-preview":"max-image-preview:large","max-video-preview":"max-video-preview:-1"},"canonical":"https:\/\/www.smsrl.it\/de\/maschinen-und-software\/","og_locale":"de_DE","og_type":"article","og_title":"Maschinen und Software - SM - dal 1960 nelle Attrezzature per Fonderie","og_url":"https:\/\/www.smsrl.it\/de\/maschinen-und-software\/","og_site_name":"SM - dal 1960 nelle Attrezzature per Fonderie","article_modified_time":"2026-04-14T08:33:46+00:00","twitter_card":"summary_large_image","twitter_misc":{"Gesch\u00e4tzte Lesezeit":"4\u00a0Minuten"},"schema":{"@context":"https:\/\/schema.org","@graph":[{"@type":"Organization","@id":"https:\/\/www.smsrl.it\/#organization","name":"SM srl","url":"https:\/\/www.smsrl.it\/","sameAs":[],"logo":{"@type":"ImageObject","@id":"https:\/\/www.smsrl.it\/#logo","inLanguage":"de","url":"https:\/\/www.smsrl.it\/wp-content\/uploads\/2016\/03\/logosm.png","contentUrl":"https:\/\/www.smsrl.it\/wp-content\/uploads\/2016\/03\/logosm.png","width":152,"height":84,"caption":"SM srl"},"image":{"@id":"https:\/\/www.smsrl.it\/#logo"}},{"@type":"WebSite","@id":"https:\/\/www.smsrl.it\/#website","url":"https:\/\/www.smsrl.it\/","name":"SM - dal 1960 nelle Attrezzature per Fonderie","description":"","publisher":{"@id":"https:\/\/www.smsrl.it\/#organization"},"potentialAction":[{"@type":"SearchAction","target":{"@type":"EntryPoint","urlTemplate":"https:\/\/www.smsrl.it\/?s={search_term_string}"},"query-input":"required name=search_term_string"}],"inLanguage":"de"},{"@type":"WebPage","@id":"https:\/\/www.smsrl.it\/de\/maschinen-und-software\/#webpage","url":"https:\/\/www.smsrl.it\/de\/maschinen-und-software\/","name":"Maschinen und Software - SM - dal 1960 nelle Attrezzature per Fonderie","isPartOf":{"@id":"https:\/\/www.smsrl.it\/#website"},"datePublished":"2017-08-27T14:22:34+00:00","dateModified":"2026-04-14T08:33:46+00:00","breadcrumb":{"@id":"https:\/\/www.smsrl.it\/de\/maschinen-und-software\/#breadcrumb"},"inLanguage":"de","potentialAction":[{"@type":"ReadAction","target":["https:\/\/www.smsrl.it\/de\/maschinen-und-software\/"]}]},{"@type":"BreadcrumbList","@id":"https:\/\/www.smsrl.it\/de\/maschinen-und-software\/#breadcrumb","itemListElement":[{"@type":"ListItem","position":1,"name":"Home","item":"https:\/\/www.smsrl.it\/de\/"},{"@type":"ListItem","position":2,"name":"Maschinen und Software"}]}]}},"_links":{"self":[{"href":"https:\/\/www.smsrl.it\/de\/wp-json\/wp\/v2\/pages\/14373"}],"collection":[{"href":"https:\/\/www.smsrl.it\/de\/wp-json\/wp\/v2\/pages"}],"about":[{"href":"https:\/\/www.smsrl.it\/de\/wp-json\/wp\/v2\/types\/page"}],"author":[{"embeddable":true,"href":"https:\/\/www.smsrl.it\/de\/wp-json\/wp\/v2\/users\/1"}],"replies":[{"embeddable":true,"href":"https:\/\/www.smsrl.it\/de\/wp-json\/wp\/v2\/comments?post=14373"}],"version-history":[{"count":11,"href":"https:\/\/www.smsrl.it\/de\/wp-json\/wp\/v2\/pages\/14373\/revisions"}],"predecessor-version":[{"id":14951,"href":"https:\/\/www.smsrl.it\/de\/wp-json\/wp\/v2\/pages\/14373\/revisions\/14951"}],"wp:attachment":[{"href":"https:\/\/www.smsrl.it\/de\/wp-json\/wp\/v2\/media?parent=14373"}],"curies":[{"name":"wp","href":"https:\/\/api.w.org\/{rel}","templated":true}]}}