{"id":14394,"date":"2017-08-27T17:35:44","date_gmt":"2017-08-27T15:35:44","guid":{"rendered":"https:\/\/www.smsrl.it\/?page_id=14394\/"},"modified":"2021-08-23T16:41:58","modified_gmt":"2021-08-23T14:41:58","slug":"sandguss-modellplatten","status":"publish","type":"page","link":"https:\/\/www.smsrl.it\/de\/werkzeuge-fuer-giessereien\/produktion\/kernkaesten\/sandguss-modellplatten\/","title":{"rendered":"Sandguss Modellplatten"},"content":{"rendered":"<p>\r\n\t\t\t\t\t\n\r\n\t\t\t\t\t<!-- START UNITE GALLERY 1.7.29 -->\r\n\t\t\t\t\t\r\n\t\t\t\t\n\t\t\t<div id='unitegallery_9_1' class='unite-gallery' style='margin:0px auto;'>\n\t\t\t\t\n\n\t\t\t\t\t\t<img alt=\"DSCN0368\"\n\t\t\t\t\t\t     src=\"https:\/\/www.smsrl.it\/wp-content\/uploads\/2016\/09\/DSCN0368.jpg\"\n\t\t\t\t\t\t     data-thumb=\"https:\/\/www.smsrl.it\/wp-content\/uploads\/2016\/09\/DSCN0368-300x225.jpg\"\n\t\t\t\t\t\t     title=\"\"\n\t\t\t\t\t\t     style=\"display:none\">\n\n\t\t\t\t\t\t<img alt=\"DSCN0370\"\n\t\t\t\t\t\t     src=\"https:\/\/www.smsrl.it\/wp-content\/uploads\/2016\/09\/DSCN0370.jpg\"\n\t\t\t\t\t\t     data-thumb=\"https:\/\/www.smsrl.it\/wp-content\/uploads\/2016\/09\/DSCN0370-300x225.jpg\"\n\t\t\t\t\t\t     title=\"\"\n\t\t\t\t\t\t     style=\"display:none\">\n\n\t\t\t\t\t\t<img alt=\"DSCN0372\"\n\t\t\t\t\t\t     src=\"https:\/\/www.smsrl.it\/wp-content\/uploads\/2016\/09\/DSCN0372.jpg\"\n\t\t\t\t\t\t     data-thumb=\"https:\/\/www.smsrl.it\/wp-content\/uploads\/2016\/09\/DSCN0372-300x225.jpg\"\n\t\t\t\t\t\t     title=\"\"\n\t\t\t\t\t\t     style=\"display:none\">\n\n\t\t\t\t\t\t<img alt=\"DSCN0375\"\n\t\t\t\t\t\t     src=\"https:\/\/www.smsrl.it\/wp-content\/uploads\/2016\/09\/DSCN0375.jpg\"\n\t\t\t\t\t\t     data-thumb=\"https:\/\/www.smsrl.it\/wp-content\/uploads\/2016\/09\/DSCN0375-300x225.jpg\"\n\t\t\t\t\t\t     title=\"\"\n\t\t\t\t\t\t     style=\"display:none\">\n\n\t\t\t\t\t\t<img alt=\"DSCN0764\"\n\t\t\t\t\t\t     src=\"https:\/\/www.smsrl.it\/wp-content\/uploads\/2016\/09\/DSCN0764.jpg\"\n\t\t\t\t\t\t     data-thumb=\"https:\/\/www.smsrl.it\/wp-content\/uploads\/2016\/09\/DSCN0764-300x225.jpg\"\n\t\t\t\t\t\t     title=\"\"\n\t\t\t\t\t\t     style=\"display:none\">\n\n\t\t\t\t\t\t<img alt=\"DSCN0788\"\n\t\t\t\t\t\t     src=\"https:\/\/www.smsrl.it\/wp-content\/uploads\/2016\/09\/DSCN0788.jpg\"\n\t\t\t\t\t\t     data-thumb=\"https:\/\/www.smsrl.it\/wp-content\/uploads\/2016\/09\/DSCN0788-300x225.jpg\"\n\t\t\t\t\t\t     title=\"\"\n\t\t\t\t\t\t     style=\"display:none\">\n\n\t\t\t\t\t\t<img alt=\"DSCN0790\"\n\t\t\t\t\t\t     src=\"https:\/\/www.smsrl.it\/wp-content\/uploads\/2016\/09\/DSCN0790.jpg\"\n\t\t\t\t\t\t     data-thumb=\"https:\/\/www.smsrl.it\/wp-content\/uploads\/2016\/09\/DSCN0790-300x225.jpg\"\n\t\t\t\t\t\t     title=\"\"\n\t\t\t\t\t\t     style=\"display:none\">\n\n\t\t\t\t\t\t<img alt=\"DSCN0797\"\n\t\t\t\t\t\t     src=\"https:\/\/www.smsrl.it\/wp-content\/uploads\/2016\/09\/DSCN0797.jpg\"\n\t\t\t\t\t\t     data-thumb=\"https:\/\/www.smsrl.it\/wp-content\/uploads\/2016\/09\/DSCN0797-300x225.jpg\"\n\t\t\t\t\t\t     title=\"\"\n\t\t\t\t\t\t     style=\"display:none\">\n\n\t\t\t\t\t\t<img alt=\"DSCN0801\"\n\t\t\t\t\t\t     src=\"https:\/\/www.smsrl.it\/wp-content\/uploads\/2016\/09\/DSCN0801.jpg\"\n\t\t\t\t\t\t     data-thumb=\"https:\/\/www.smsrl.it\/wp-content\/uploads\/2016\/09\/DSCN0801-300x225.jpg\"\n\t\t\t\t\t\t     title=\"\"\n\t\t\t\t\t\t     style=\"display:none\">\n\n\t\t\t\t\t\t<img alt=\"DSCN0815\"\n\t\t\t\t\t\t     src=\"https:\/\/www.smsrl.it\/wp-content\/uploads\/2016\/09\/DSCN0815.jpg\"\n\t\t\t\t\t\t     data-thumb=\"https:\/\/www.smsrl.it\/wp-content\/uploads\/2016\/09\/DSCN0815-300x225.jpg\"\n\t\t\t\t\t\t     title=\"\"\n\t\t\t\t\t\t     style=\"display:none\">\n\n\t\t\t\t\t\t<img alt=\"DSCN1134\"\n\t\t\t\t\t\t     src=\"https:\/\/www.smsrl.it\/wp-content\/uploads\/2016\/09\/DSCN1134.jpg\"\n\t\t\t\t\t\t     data-thumb=\"https:\/\/www.smsrl.it\/wp-content\/uploads\/2016\/09\/DSCN1134-300x225.jpg\"\n\t\t\t\t\t\t     title=\"\"\n\t\t\t\t\t\t     style=\"display:none\">\n\t\t\t<\/div>\n\n\t\t\t<script type='text\/javascript'>\n\t\t\t\twindow.onload = function(e) {\n\t\t\t\t\tif(typeof ugCheckForErrors == \"undefined\"){\n\t\t\t\t\t\tdocument.getElementById(\"unitegallery_9_1\").innerHTML = \"<span style='color:red'>Unite Gallery Error - gallery js and css files not included in the footer. Please make sure that wp_footer() function is added to your theme.<\/span>\";}\n\t\t\t\t\telse{ ugCheckForErrors(\"unitegallery_9_1\", \"jquery\");}\n\t\t\t\t};\n\t\t\t<\/script>\n\n\t\t\t<!-- END UNITEGALLERY --><\/p>\n","protected":false},"excerpt":{"rendered":"","protected":false},"author":1,"featured_media":0,"parent":14351,"menu_order":0,"comment_status":"closed","ping_status":"closed","template":"","meta":[],"yoast_head":"<!-- This site is optimized with the Yoast SEO plugin v17.0 - https:\/\/yoast.com\/wordpress\/plugins\/seo\/ -->\n<title>Sandguss Modellplatten - SM - dal 1960 nelle Attrezzature per Fonderie<\/title>\n<meta name=\"description\" content=\"SM Srl Werkzeuge f\u00fcr Gie\u00dfereien, Produktion: Kernk\u00e4sten, Sandguss Modellplatten\" \/>\n<meta name=\"robots\" content=\"index, follow, max-snippet:-1, max-image-preview:large, max-video-preview:-1\" \/>\n<link rel=\"canonical\" href=\"https:\/\/www.smsrl.it\/de\/werkzeuge-fuer-giessereien\/produktion\/kernkaesten\/sandguss-modellplatten\/\" \/>\n<meta property=\"og:locale\" content=\"de_DE\" \/>\n<meta property=\"og:type\" content=\"article\" \/>\n<meta property=\"og:title\" content=\"Sandguss Modellplatten - SM - dal 1960 nelle Attrezzature per Fonderie\" \/>\n<meta property=\"og:description\" content=\"SM Srl Werkzeuge f\u00fcr Gie\u00dfereien, Produktion: Kernk\u00e4sten, Sandguss Modellplatten\" \/>\n<meta property=\"og:url\" content=\"https:\/\/www.smsrl.it\/de\/werkzeuge-fuer-giessereien\/produktion\/kernkaesten\/sandguss-modellplatten\/\" \/>\n<meta property=\"og:site_name\" content=\"SM - dal 1960 nelle Attrezzature per Fonderie\" \/>\n<meta property=\"article:modified_time\" content=\"2021-08-23T14:41:58+00:00\" \/>\n<meta name=\"twitter:card\" content=\"summary_large_image\" \/>\n<script type=\"application\/ld+json\" class=\"yoast-schema-graph\">{\"@context\":\"https:\/\/schema.org\",\"@graph\":[{\"@type\":\"Organization\",\"@id\":\"https:\/\/www.smsrl.it\/#organization\",\"name\":\"SM srl\",\"url\":\"https:\/\/www.smsrl.it\/\",\"sameAs\":[],\"logo\":{\"@type\":\"ImageObject\",\"@id\":\"https:\/\/www.smsrl.it\/#logo\",\"inLanguage\":\"de\",\"url\":\"https:\/\/www.smsrl.it\/wp-content\/uploads\/2016\/03\/logosm.png\",\"contentUrl\":\"https:\/\/www.smsrl.it\/wp-content\/uploads\/2016\/03\/logosm.png\",\"width\":152,\"height\":84,\"caption\":\"SM srl\"},\"image\":{\"@id\":\"https:\/\/www.smsrl.it\/#logo\"}},{\"@type\":\"WebSite\",\"@id\":\"https:\/\/www.smsrl.it\/#website\",\"url\":\"https:\/\/www.smsrl.it\/\",\"name\":\"SM - dal 1960 nelle Attrezzature per Fonderie\",\"description\":\"\",\"publisher\":{\"@id\":\"https:\/\/www.smsrl.it\/#organization\"},\"potentialAction\":[{\"@type\":\"SearchAction\",\"target\":{\"@type\":\"EntryPoint\",\"urlTemplate\":\"https:\/\/www.smsrl.it\/?s={search_term_string}\"},\"query-input\":\"required name=search_term_string\"}],\"inLanguage\":\"de\"},{\"@type\":\"WebPage\",\"@id\":\"https:\/\/www.smsrl.it\/de\/werkzeuge-fuer-giessereien\/produktion\/kernkaesten\/sandguss-modellplatten\/#webpage\",\"url\":\"https:\/\/www.smsrl.it\/de\/werkzeuge-fuer-giessereien\/produktion\/kernkaesten\/sandguss-modellplatten\/\",\"name\":\"Sandguss Modellplatten - SM - dal 1960 nelle Attrezzature per Fonderie\",\"isPartOf\":{\"@id\":\"https:\/\/www.smsrl.it\/#website\"},\"datePublished\":\"2017-08-27T15:35:44+00:00\",\"dateModified\":\"2021-08-23T14:41:58+00:00\",\"description\":\"SM Srl Werkzeuge f\\u00fcr Gie\\u00dfereien, Produktion: Kernk\\u00e4sten, Sandguss Modellplatten\",\"breadcrumb\":{\"@id\":\"https:\/\/www.smsrl.it\/de\/werkzeuge-fuer-giessereien\/produktion\/kernkaesten\/sandguss-modellplatten\/#breadcrumb\"},\"inLanguage\":\"de\",\"potentialAction\":[{\"@type\":\"ReadAction\",\"target\":[\"https:\/\/www.smsrl.it\/de\/werkzeuge-fuer-giessereien\/produktion\/kernkaesten\/sandguss-modellplatten\/\"]}]},{\"@type\":\"BreadcrumbList\",\"@id\":\"https:\/\/www.smsrl.it\/de\/werkzeuge-fuer-giessereien\/produktion\/kernkaesten\/sandguss-modellplatten\/#breadcrumb\",\"itemListElement\":[{\"@type\":\"ListItem\",\"position\":1,\"name\":\"Home\",\"item\":\"https:\/\/www.smsrl.it\/de\/\"},{\"@type\":\"ListItem\",\"position\":2,\"name\":\"Werkzeuge f\\u00fcr Gie\\u00dfereien\",\"item\":\"https:\/\/www.smsrl.it\/de\/werkzeuge-fuer-giessereien\/\"},{\"@type\":\"ListItem\",\"position\":3,\"name\":\"Produktion\",\"item\":\"https:\/\/www.smsrl.it\/de\/werkzeuge-fuer-giessereien\/produktion\/\"},{\"@type\":\"ListItem\",\"position\":4,\"name\":\"Kernk\\u00e4sten\",\"item\":\"https:\/\/www.smsrl.it\/de\/werkzeuge-fuer-giessereien\/produktion\/kernkaesten\/\"},{\"@type\":\"ListItem\",\"position\":5,\"name\":\"Sandguss Modellplatten\"}]}]}<\/script>\n<!-- \/ Yoast SEO plugin. -->","yoast_head_json":{"title":"Sandguss Modellplatten - SM - dal 1960 nelle Attrezzature per Fonderie","description":"SM Srl Werkzeuge f\u00fcr Gie\u00dfereien, Produktion: Kernk\u00e4sten, Sandguss Modellplatten","robots":{"index":"index","follow":"follow","max-snippet":"max-snippet:-1","max-image-preview":"max-image-preview:large","max-video-preview":"max-video-preview:-1"},"canonical":"https:\/\/www.smsrl.it\/de\/werkzeuge-fuer-giessereien\/produktion\/kernkaesten\/sandguss-modellplatten\/","og_locale":"de_DE","og_type":"article","og_title":"Sandguss Modellplatten - SM - dal 1960 nelle Attrezzature per Fonderie","og_description":"SM Srl Werkzeuge f\u00fcr Gie\u00dfereien, Produktion: Kernk\u00e4sten, Sandguss Modellplatten","og_url":"https:\/\/www.smsrl.it\/de\/werkzeuge-fuer-giessereien\/produktion\/kernkaesten\/sandguss-modellplatten\/","og_site_name":"SM - dal 1960 nelle Attrezzature per Fonderie","article_modified_time":"2021-08-23T14:41:58+00:00","twitter_card":"summary_large_image","schema":{"@context":"https:\/\/schema.org","@graph":[{"@type":"Organization","@id":"https:\/\/www.smsrl.it\/#organization","name":"SM srl","url":"https:\/\/www.smsrl.it\/","sameAs":[],"logo":{"@type":"ImageObject","@id":"https:\/\/www.smsrl.it\/#logo","inLanguage":"de","url":"https:\/\/www.smsrl.it\/wp-content\/uploads\/2016\/03\/logosm.png","contentUrl":"https:\/\/www.smsrl.it\/wp-content\/uploads\/2016\/03\/logosm.png","width":152,"height":84,"caption":"SM srl"},"image":{"@id":"https:\/\/www.smsrl.it\/#logo"}},{"@type":"WebSite","@id":"https:\/\/www.smsrl.it\/#website","url":"https:\/\/www.smsrl.it\/","name":"SM - dal 1960 nelle Attrezzature per Fonderie","description":"","publisher":{"@id":"https:\/\/www.smsrl.it\/#organization"},"potentialAction":[{"@type":"SearchAction","target":{"@type":"EntryPoint","urlTemplate":"https:\/\/www.smsrl.it\/?s={search_term_string}"},"query-input":"required name=search_term_string"}],"inLanguage":"de"},{"@type":"WebPage","@id":"https:\/\/www.smsrl.it\/de\/werkzeuge-fuer-giessereien\/produktion\/kernkaesten\/sandguss-modellplatten\/#webpage","url":"https:\/\/www.smsrl.it\/de\/werkzeuge-fuer-giessereien\/produktion\/kernkaesten\/sandguss-modellplatten\/","name":"Sandguss Modellplatten - SM - dal 1960 nelle Attrezzature per Fonderie","isPartOf":{"@id":"https:\/\/www.smsrl.it\/#website"},"datePublished":"2017-08-27T15:35:44+00:00","dateModified":"2021-08-23T14:41:58+00:00","description":"SM Srl Werkzeuge f\u00fcr Gie\u00dfereien, Produktion: Kernk\u00e4sten, Sandguss Modellplatten","breadcrumb":{"@id":"https:\/\/www.smsrl.it\/de\/werkzeuge-fuer-giessereien\/produktion\/kernkaesten\/sandguss-modellplatten\/#breadcrumb"},"inLanguage":"de","potentialAction":[{"@type":"ReadAction","target":["https:\/\/www.smsrl.it\/de\/werkzeuge-fuer-giessereien\/produktion\/kernkaesten\/sandguss-modellplatten\/"]}]},{"@type":"BreadcrumbList","@id":"https:\/\/www.smsrl.it\/de\/werkzeuge-fuer-giessereien\/produktion\/kernkaesten\/sandguss-modellplatten\/#breadcrumb","itemListElement":[{"@type":"ListItem","position":1,"name":"Home","item":"https:\/\/www.smsrl.it\/de\/"},{"@type":"ListItem","position":2,"name":"Werkzeuge f\u00fcr Gie\u00dfereien","item":"https:\/\/www.smsrl.it\/de\/werkzeuge-fuer-giessereien\/"},{"@type":"ListItem","position":3,"name":"Produktion","item":"https:\/\/www.smsrl.it\/de\/werkzeuge-fuer-giessereien\/produktion\/"},{"@type":"ListItem","position":4,"name":"Kernk\u00e4sten","item":"https:\/\/www.smsrl.it\/de\/werkzeuge-fuer-giessereien\/produktion\/kernkaesten\/"},{"@type":"ListItem","position":5,"name":"Sandguss Modellplatten"}]}]}},"_links":{"self":[{"href":"https:\/\/www.smsrl.it\/de\/wp-json\/wp\/v2\/pages\/14394"}],"collection":[{"href":"https:\/\/www.smsrl.it\/de\/wp-json\/wp\/v2\/pages"}],"about":[{"href":"https:\/\/www.smsrl.it\/de\/wp-json\/wp\/v2\/types\/page"}],"author":[{"embeddable":true,"href":"https:\/\/www.smsrl.it\/de\/wp-json\/wp\/v2\/users\/1"}],"replies":[{"embeddable":true,"href":"https:\/\/www.smsrl.it\/de\/wp-json\/wp\/v2\/comments?post=14394"}],"version-history":[{"count":1,"href":"https:\/\/www.smsrl.it\/de\/wp-json\/wp\/v2\/pages\/14394\/revisions"}],"predecessor-version":[{"id":14395,"href":"https:\/\/www.smsrl.it\/de\/wp-json\/wp\/v2\/pages\/14394\/revisions\/14395"}],"up":[{"embeddable":true,"href":"https:\/\/www.smsrl.it\/de\/wp-json\/wp\/v2\/pages\/14351"}],"wp:attachment":[{"href":"https:\/\/www.smsrl.it\/de\/wp-json\/wp\/v2\/media?parent=14394"}],"curies":[{"name":"wp","href":"https:\/\/api.w.org\/{rel}","templated":true}]}}